{"id":963,"date":"2024-05-08T09:42:41","date_gmt":"2024-05-08T12:42:41","guid":{"rendered":"https:\/\/projetocasademaria.com\/?post_type=product&#038;p=963"},"modified":"2025-11-18T20:16:40","modified_gmt":"2025-11-18T23:16:40","slug":"vaso-missa-armorial-p-bege","status":"publish","type":"product","link":"https:\/\/projetocasademaria.com\/index.php\/product\/vaso-missa-armorial-p-bege\/","title":{"rendered":"Vaso Missa Armorial"},"content":{"rendered":"<p>O vaso Missa Armorial combina a simplicidade r\u00fastica da base em palha com a modernidade do junco sint\u00e9tico, resultando em uma pe\u00e7a charmosa e sofisticada. Adorna qualquer ambiente com eleg\u00e2ncia e serenidade, sua beleza simples e design atemporal convidam \u00e0 contempla\u00e7\u00e3o. Vers\u00e1til para ambientes internos e externos, adiciona charme e sofistica\u00e7\u00e3o a qualquer espa\u00e7o, podendo ser destacado em salas de estar ou usado como adorno em varandas. Faz parte da cole\u00e7\u00e3o &#8220;Capiba Pelas Ruas Eu Vou&#8221;, da designer paulistana Luly Vianna.<\/p>\n<p>&nbsp;<\/p>\n","protected":false},"excerpt":{"rendered":"<p>O vaso Missa Armorial combina a simplicidade r\u00fastica da base em palha com a modernidade do junco sint\u00e9tico, resultando em uma pe\u00e7a charmosa e sofisticada. Adorna qualquer ambiente com eleg\u00e2ncia e serenidade, sua beleza simples e design atemporal convidam \u00e0 contempla\u00e7\u00e3o. Vers\u00e1til para ambientes internos e externos, adiciona charme e sofistica\u00e7\u00e3o a qualquer espa\u00e7o, podendo&hellip;&nbsp;<a href=\"https:\/\/projetocasademaria.com\/index.php\/product\/vaso-missa-armorial-p-bege\/\" class=\"\" rel=\"bookmark\">Continue a ler &raquo;<span class=\"screen-reader-text\">Vaso Missa Armorial<\/span><\/a><\/p>\n","protected":false},"featured_media":881,"comment_status":"open","ping_status":"closed","template":"","meta":{"neve_meta_sidebar":"","neve_meta_container":"","neve_meta_enable_content_width":"off","neve_meta_content_width":100,"neve_meta_title_alignment":"","neve_meta_author_avatar":"","neve_post_elements_order":"","neve_meta_disable_header":"","neve_meta_disable_footer":"","neve_meta_disable_title":"","neve_meta_reading_time":"","_themeisle_gutenberg_block_has_review":false},"product_brand":[],"product_cat":[44,20],"product_tag":[],"class_list":{"0":"post-963","1":"product","2":"type-product","3":"status-publish","4":"has-post-thumbnail","6":"product_cat-capiba","7":"product_cat-casa","9":"first","10":"instock","11":"shipping-taxable","12":"purchasable","13":"product-type-variable"},"_links":{"self":[{"href":"https:\/\/projetocasademaria.com\/index.php\/wp-json\/wp\/v2\/product\/963","targetHints":{"allow":["GET"]}}],"collection":[{"href":"https:\/\/projetocasademaria.com\/index.php\/wp-json\/wp\/v2\/product"}],"about":[{"href":"https:\/\/projetocasademaria.com\/index.php\/wp-json\/wp\/v2\/types\/product"}],"replies":[{"embeddable":true,"href":"https:\/\/projetocasademaria.com\/index.php\/wp-json\/wp\/v2\/comments?post=963"}],"wp:featuredmedia":[{"embeddable":true,"href":"https:\/\/projetocasademaria.com\/index.php\/wp-json\/wp\/v2\/media\/881"}],"wp:attachment":[{"href":"https:\/\/projetocasademaria.com\/index.php\/wp-json\/wp\/v2\/media?parent=963"}],"wp:term":[{"taxonomy":"product_brand","embeddable":true,"href":"https:\/\/projetocasademaria.com\/index.php\/wp-json\/wp\/v2\/product_brand?post=963"},{"taxonomy":"product_cat","embeddable":true,"href":"https:\/\/projetocasademaria.com\/index.php\/wp-json\/wp\/v2\/product_cat?post=963"},{"taxonomy":"product_tag","embeddable":true,"href":"https:\/\/projetocasademaria.com\/index.php\/wp-json\/wp\/v2\/product_tag?post=963"}],"curies":[{"name":"wp","href":"https:\/\/api.w.org\/{rel}","templated":true}]}}