{"id":948,"date":"2024-05-07T16:36:18","date_gmt":"2024-05-07T19:36:18","guid":{"rendered":"https:\/\/projetocasademaria.com\/?post_type=product&#038;p=948"},"modified":"2025-03-25T14:00:03","modified_gmt":"2025-03-25T17:00:03","slug":"mochila-papangu","status":"publish","type":"product","link":"https:\/\/projetocasademaria.com\/index.php\/product\/mochila-papangu\/","title":{"rendered":"Mochila Papangu"},"content":{"rendered":"<p>A mochila Papangu \u00e9 uma homenagem festiva \u00e0 cultura do carnaval, especialmente \u00e0 tradi\u00e7\u00e3o do Papangu em Pernambuco. Combina estilo e tradi\u00e7\u00e3o, refletindo a energia contagiante da folia. Oferece conforto e funcionalidade, sendo vers\u00e1til para uso durante o carnaval e ao longo do ano. Feita em croch\u00ea, faz parte da cole\u00e7\u00e3o &#8220;Capiba Pelas Ruas Eu Vou&#8221;, da designer paulistana Luly Vianna.<\/p>\n<p>&nbsp;<\/p>\n","protected":false},"excerpt":{"rendered":"<p>A mochila Papangu \u00e9 uma homenagem festiva \u00e0 cultura do carnaval, especialmente \u00e0 tradi\u00e7\u00e3o do Papangu em Pernambuco. Combina estilo e tradi\u00e7\u00e3o, refletindo a energia contagiante da folia. Oferece conforto e funcionalidade, sendo vers\u00e1til para uso durante o carnaval e ao longo do ano. Feita em croch\u00ea, faz parte da cole\u00e7\u00e3o &#8220;Capiba Pelas Ruas Eu&hellip;&nbsp;<a href=\"https:\/\/projetocasademaria.com\/index.php\/product\/mochila-papangu\/\" class=\"\" rel=\"bookmark\">Continue a ler &raquo;<span class=\"screen-reader-text\">Mochila Papangu<\/span><\/a><\/p>\n","protected":false},"featured_media":949,"comment_status":"open","ping_status":"closed","template":"","meta":{"neve_meta_sidebar":"","neve_meta_container":"","neve_meta_enable_content_width":"off","neve_meta_content_width":100,"neve_meta_title_alignment":"","neve_meta_author_avatar":"","neve_post_elements_order":"","neve_meta_disable_header":"","neve_meta_disable_footer":"","neve_meta_disable_title":"","neve_meta_reading_time":"","_themeisle_gutenberg_block_has_review":false},"product_brand":[],"product_cat":[19,44,55],"product_tag":[],"class_list":{"0":"post-948","1":"product","2":"type-product","3":"status-publish","4":"has-post-thumbnail","6":"product_cat-bolsas","7":"product_cat-capiba","8":"product_cat-croche","10":"first","11":"instock","12":"shipping-taxable","13":"purchasable","14":"product-type-variable"},"_links":{"self":[{"href":"https:\/\/projetocasademaria.com\/index.php\/wp-json\/wp\/v2\/product\/948","targetHints":{"allow":["GET"]}}],"collection":[{"href":"https:\/\/projetocasademaria.com\/index.php\/wp-json\/wp\/v2\/product"}],"about":[{"href":"https:\/\/projetocasademaria.com\/index.php\/wp-json\/wp\/v2\/types\/product"}],"replies":[{"embeddable":true,"href":"https:\/\/projetocasademaria.com\/index.php\/wp-json\/wp\/v2\/comments?post=948"}],"wp:featuredmedia":[{"embeddable":true,"href":"https:\/\/projetocasademaria.com\/index.php\/wp-json\/wp\/v2\/media\/949"}],"wp:attachment":[{"href":"https:\/\/projetocasademaria.com\/index.php\/wp-json\/wp\/v2\/media?parent=948"}],"wp:term":[{"taxonomy":"product_brand","embeddable":true,"href":"https:\/\/projetocasademaria.com\/index.php\/wp-json\/wp\/v2\/product_brand?post=948"},{"taxonomy":"product_cat","embeddable":true,"href":"https:\/\/projetocasademaria.com\/index.php\/wp-json\/wp\/v2\/product_cat?post=948"},{"taxonomy":"product_tag","embeddable":true,"href":"https:\/\/projetocasademaria.com\/index.php\/wp-json\/wp\/v2\/product_tag?post=948"}],"curies":[{"name":"wp","href":"https:\/\/api.w.org\/{rel}","templated":true}]}}