{"id":947,"date":"2024-05-07T16:19:27","date_gmt":"2024-05-07T19:19:27","guid":{"rendered":"https:\/\/projetocasademaria.com\/?post_type=product&#038;p=947"},"modified":"2025-03-25T13:57:38","modified_gmt":"2025-03-25T16:57:38","slug":"bolsa-ciranda-p","status":"publish","type":"product","link":"https:\/\/projetocasademaria.com\/index.php\/product\/bolsa-ciranda-p\/","title":{"rendered":"Bolsa Ciranda"},"content":{"rendered":"<p>A bolsa Ciranda \u00e9 uma obra-prima artesanal que combina croch\u00ea, tecelagem e bolinhas em amigurumi. Com sua paleta de cores vibrantes, \u00e9 uma celebra\u00e7\u00e3o da arte e da criatividade, homenageando a beleza artesanal e a individualidade. As bolinhas em amigurumi adicionam um toque l\u00fadico e encantador \u00e0 bolsa, acrescentando charme e personalidade de forma \u00fanica. Carreg\u00e1-la \u00e9 mais do que transportar seus pertences; \u00e9 levar consigo uma hist\u00f3ria de arte e criatividade, honrando a tradi\u00e7\u00e3o do artesanato. Esta pe\u00e7a faz parte da cole\u00e7\u00e3o &#8220;Capiba Pelas Ruas Eu Vou&#8221;, da designer paulistana Luly Vianna.<\/p>\n<p>&nbsp;<\/p>\n","protected":false},"excerpt":{"rendered":"<p>A bolsa Ciranda \u00e9 uma obra-prima artesanal que combina croch\u00ea, tecelagem e bolinhas em amigurumi. Com sua paleta de cores vibrantes, \u00e9 uma celebra\u00e7\u00e3o da arte e da criatividade, homenageando a beleza artesanal e a individualidade. As bolinhas em amigurumi adicionam um toque l\u00fadico e encantador \u00e0 bolsa, acrescentando charme e personalidade de forma \u00fanica.&hellip;&nbsp;<a href=\"https:\/\/projetocasademaria.com\/index.php\/product\/bolsa-ciranda-p\/\" class=\"\" rel=\"bookmark\">Continue a ler &raquo;<span class=\"screen-reader-text\">Bolsa Ciranda<\/span><\/a><\/p>\n","protected":false},"featured_media":945,"comment_status":"open","ping_status":"closed","template":"","meta":{"neve_meta_sidebar":"","neve_meta_container":"","neve_meta_enable_content_width":"off","neve_meta_content_width":100,"neve_meta_title_alignment":"","neve_meta_author_avatar":"","neve_post_elements_order":"","neve_meta_disable_header":"","neve_meta_disable_footer":"","neve_meta_disable_title":"","neve_meta_reading_time":"","_themeisle_gutenberg_block_has_review":false},"product_brand":[],"product_cat":[52,19,44,55],"product_tag":[],"class_list":{"0":"post-947","1":"product","2":"type-product","3":"status-publish","4":"has-post-thumbnail","6":"product_cat-amigurumi","7":"product_cat-bolsas","8":"product_cat-capiba","9":"product_cat-croche","11":"first","12":"instock","13":"shipping-taxable","14":"purchasable","15":"product-type-variable"},"_links":{"self":[{"href":"https:\/\/projetocasademaria.com\/index.php\/wp-json\/wp\/v2\/product\/947","targetHints":{"allow":["GET"]}}],"collection":[{"href":"https:\/\/projetocasademaria.com\/index.php\/wp-json\/wp\/v2\/product"}],"about":[{"href":"https:\/\/projetocasademaria.com\/index.php\/wp-json\/wp\/v2\/types\/product"}],"replies":[{"embeddable":true,"href":"https:\/\/projetocasademaria.com\/index.php\/wp-json\/wp\/v2\/comments?post=947"}],"wp:featuredmedia":[{"embeddable":true,"href":"https:\/\/projetocasademaria.com\/index.php\/wp-json\/wp\/v2\/media\/945"}],"wp:attachment":[{"href":"https:\/\/projetocasademaria.com\/index.php\/wp-json\/wp\/v2\/media?parent=947"}],"wp:term":[{"taxonomy":"product_brand","embeddable":true,"href":"https:\/\/projetocasademaria.com\/index.php\/wp-json\/wp\/v2\/product_brand?post=947"},{"taxonomy":"product_cat","embeddable":true,"href":"https:\/\/projetocasademaria.com\/index.php\/wp-json\/wp\/v2\/product_cat?post=947"},{"taxonomy":"product_tag","embeddable":true,"href":"https:\/\/projetocasademaria.com\/index.php\/wp-json\/wp\/v2\/product_tag?post=947"}],"curies":[{"name":"wp","href":"https:\/\/api.w.org\/{rel}","templated":true}]}}