{"id":939,"date":"2024-05-07T15:50:08","date_gmt":"2024-05-07T18:50:08","guid":{"rendered":"https:\/\/projetocasademaria.com\/?post_type=product&#038;p=939"},"modified":"2025-03-25T15:16:30","modified_gmt":"2025-03-25T18:16:30","slug":"almofada-afoxe-g","status":"publish","type":"product","link":"https:\/\/projetocasademaria.com\/index.php\/product\/almofada-afoxe-g\/","title":{"rendered":"Almofada Afox\u00e9"},"content":{"rendered":"<p>A almofada Afox\u00e9 \u00e9 uma express\u00e3o de respeito pela cultura afro-brasileira, especialmente pelo Afox\u00e9. Suas cores vibrantes e design inspirado refletem a energia e autenticidade dessa manifesta\u00e7\u00e3o cultural. Cada detalhe \u00e9 uma homenagem ao talento das artes\u00e3s locais e \u00e0 criatividade da cultura. Ao exibi-la, voc\u00ea celebra e compartilha essa cultura, adicionando beleza e estilo ao ambiente. Feita em tecido e listras com detalhes em croch\u00ea, destaca-se como pe\u00e7a central em qualquer ambiente, trazendo um toque de autenticidade e sofistica\u00e7\u00e3o. Pertence \u00e0 cole\u00e7\u00e3o &#8220;Capiba Pelas Ruas Eu Vou&#8221;, da designer paulistana Luly Vianna.<\/p>\n<p>P- 55X30<br \/>\nM- 45X45<br \/>\nG- 55X55<\/p>\n","protected":false},"excerpt":{"rendered":"<p>A almofada Afox\u00e9 \u00e9 uma express\u00e3o de respeito pela cultura afro-brasileira, especialmente pelo Afox\u00e9. Suas cores vibrantes e design inspirado refletem a energia e autenticidade dessa manifesta\u00e7\u00e3o cultural. Cada detalhe \u00e9 uma homenagem ao talento das artes\u00e3s locais e \u00e0 criatividade da cultura. Ao exibi-la, voc\u00ea celebra e compartilha essa cultura, adicionando beleza e estilo&hellip;&nbsp;<a href=\"https:\/\/projetocasademaria.com\/index.php\/product\/almofada-afoxe-g\/\" class=\"\" rel=\"bookmark\">Continue a ler &raquo;<span class=\"screen-reader-text\">Almofada Afox\u00e9<\/span><\/a><\/p>\n","protected":false},"featured_media":935,"comment_status":"open","ping_status":"closed","template":"","meta":{"neve_meta_sidebar":"","neve_meta_container":"","neve_meta_enable_content_width":"off","neve_meta_content_width":100,"neve_meta_title_alignment":"","neve_meta_author_avatar":"","neve_post_elements_order":"","neve_meta_disable_header":"","neve_meta_disable_footer":"","neve_meta_disable_title":"","neve_meta_reading_time":"","_themeisle_gutenberg_block_has_review":false},"product_brand":[],"product_cat":[44,20,55],"product_tag":[],"class_list":{"0":"post-939","1":"product","2":"type-product","3":"status-publish","4":"has-post-thumbnail","6":"product_cat-capiba","7":"product_cat-casa","8":"product_cat-croche","10":"first","11":"instock","12":"shipping-taxable","13":"purchasable","14":"product-type-variable"},"_links":{"self":[{"href":"https:\/\/projetocasademaria.com\/index.php\/wp-json\/wp\/v2\/product\/939","targetHints":{"allow":["GET"]}}],"collection":[{"href":"https:\/\/projetocasademaria.com\/index.php\/wp-json\/wp\/v2\/product"}],"about":[{"href":"https:\/\/projetocasademaria.com\/index.php\/wp-json\/wp\/v2\/types\/product"}],"replies":[{"embeddable":true,"href":"https:\/\/projetocasademaria.com\/index.php\/wp-json\/wp\/v2\/comments?post=939"}],"wp:featuredmedia":[{"embeddable":true,"href":"https:\/\/projetocasademaria.com\/index.php\/wp-json\/wp\/v2\/media\/935"}],"wp:attachment":[{"href":"https:\/\/projetocasademaria.com\/index.php\/wp-json\/wp\/v2\/media?parent=939"}],"wp:term":[{"taxonomy":"product_brand","embeddable":true,"href":"https:\/\/projetocasademaria.com\/index.php\/wp-json\/wp\/v2\/product_brand?post=939"},{"taxonomy":"product_cat","embeddable":true,"href":"https:\/\/projetocasademaria.com\/index.php\/wp-json\/wp\/v2\/product_cat?post=939"},{"taxonomy":"product_tag","embeddable":true,"href":"https:\/\/projetocasademaria.com\/index.php\/wp-json\/wp\/v2\/product_tag?post=939"}],"curies":[{"name":"wp","href":"https:\/\/api.w.org\/{rel}","templated":true}]}}