{"id":932,"date":"2024-05-07T15:26:35","date_gmt":"2024-05-07T18:26:35","guid":{"rendered":"https:\/\/projetocasademaria.com\/?post_type=product&#038;p=932"},"modified":"2025-03-25T16:04:48","modified_gmt":"2025-03-25T19:04:48","slug":"almofada-serpentina-g","status":"publish","type":"product","link":"https:\/\/projetocasademaria.com\/index.php\/product\/almofada-serpentina-g\/","title":{"rendered":"Almofada Serpentina"},"content":{"rendered":"<p>A Almofada Serpentina \u00e9 uma obra de arte que evoca a eleg\u00e2ncia do movimento sinuoso de uma serpentina. Vers\u00e1til, pode ser usada em diversos espa\u00e7os, do moderno ao boho-chic. Feita com materiais de alta qualidade e acabamentos cuidadosos, oferece conforto e aconchego, convidando ao relaxamento. Parte da cole\u00e7\u00e3o &#8220;Capiba Pelas Ruas Eu Vou&#8221;, da designer paulistana Luly Vianna.<\/p>\n","protected":false},"excerpt":{"rendered":"<p>A Almofada Serpentina \u00e9 uma obra de arte que evoca a eleg\u00e2ncia do movimento sinuoso de uma serpentina. Vers\u00e1til, pode ser usada em diversos espa\u00e7os, do moderno ao boho-chic. Feita com materiais de alta qualidade e acabamentos cuidadosos, oferece conforto e aconchego, convidando ao relaxamento. Parte da cole\u00e7\u00e3o &#8220;Capiba Pelas Ruas Eu Vou&#8221;, da designer&hellip;&nbsp;<a href=\"https:\/\/projetocasademaria.com\/index.php\/product\/almofada-serpentina-g\/\" class=\"\" rel=\"bookmark\">Continue a ler &raquo;<span class=\"screen-reader-text\">Almofada Serpentina<\/span><\/a><\/p>\n","protected":false},"featured_media":936,"comment_status":"open","ping_status":"closed","template":"","meta":{"neve_meta_sidebar":"","neve_meta_container":"","neve_meta_enable_content_width":"off","neve_meta_content_width":100,"neve_meta_title_alignment":"","neve_meta_author_avatar":"","neve_post_elements_order":"","neve_meta_disable_header":"","neve_meta_disable_footer":"","neve_meta_disable_title":"","neve_meta_reading_time":"","_themeisle_gutenberg_block_has_review":false},"product_brand":[],"product_cat":[44,20,55],"product_tag":[],"class_list":{"0":"post-932","1":"product","2":"type-product","3":"status-publish","4":"has-post-thumbnail","6":"product_cat-capiba","7":"product_cat-casa","8":"product_cat-croche","10":"first","11":"instock","12":"shipping-taxable","13":"purchasable","14":"product-type-variable"},"_links":{"self":[{"href":"https:\/\/projetocasademaria.com\/index.php\/wp-json\/wp\/v2\/product\/932","targetHints":{"allow":["GET"]}}],"collection":[{"href":"https:\/\/projetocasademaria.com\/index.php\/wp-json\/wp\/v2\/product"}],"about":[{"href":"https:\/\/projetocasademaria.com\/index.php\/wp-json\/wp\/v2\/types\/product"}],"replies":[{"embeddable":true,"href":"https:\/\/projetocasademaria.com\/index.php\/wp-json\/wp\/v2\/comments?post=932"}],"wp:featuredmedia":[{"embeddable":true,"href":"https:\/\/projetocasademaria.com\/index.php\/wp-json\/wp\/v2\/media\/936"}],"wp:attachment":[{"href":"https:\/\/projetocasademaria.com\/index.php\/wp-json\/wp\/v2\/media?parent=932"}],"wp:term":[{"taxonomy":"product_brand","embeddable":true,"href":"https:\/\/projetocasademaria.com\/index.php\/wp-json\/wp\/v2\/product_brand?post=932"},{"taxonomy":"product_cat","embeddable":true,"href":"https:\/\/projetocasademaria.com\/index.php\/wp-json\/wp\/v2\/product_cat?post=932"},{"taxonomy":"product_tag","embeddable":true,"href":"https:\/\/projetocasademaria.com\/index.php\/wp-json\/wp\/v2\/product_tag?post=932"}],"curies":[{"name":"wp","href":"https:\/\/api.w.org\/{rel}","templated":true}]}}