{"id":925,"date":"2024-05-07T14:58:52","date_gmt":"2024-05-07T17:58:52","guid":{"rendered":"https:\/\/projetocasademaria.com\/?post_type=product&#038;p=925"},"modified":"2025-03-26T15:21:57","modified_gmt":"2025-03-26T18:21:57","slug":"chapeu-frevo","status":"publish","type":"product","link":"https:\/\/projetocasademaria.com\/index.php\/product\/chapeu-frevo\/","title":{"rendered":"Chap\u00e9u Frevo"},"content":{"rendered":"<p>O Chap\u00e9u Frevo \u00e9 mais que um acess\u00f3rio, \u00e9 uma express\u00e3o de amor \u00e0 m\u00fasica, dan\u00e7a e alegria do frevo. Suas cores vibrantes e design din\u00e2mico s\u00e3o um s\u00edmbolo da cultura brasileira e homenagem \u00e0 tradi\u00e7\u00e3o de Pernambuco. Como os passistas e guarda-chuvas do frevo, ele \u00e9 uma explos\u00e3o de cores e movimento. Ao us\u00e1-lo, voc\u00ea celebra a cultura brasileira e sua identidade, honrando os artistas que mant\u00eam viva a tradi\u00e7\u00e3o. Feito em croch\u00ea, \u00e9 parte da cole\u00e7\u00e3o &#8220;Capiba Pelas Ruas Eu Vou&#8221;, da designer Luly Vianna.<\/p>\n","protected":false},"excerpt":{"rendered":"<p>O Chap\u00e9u Frevo \u00e9 mais que um acess\u00f3rio, \u00e9 uma express\u00e3o de amor \u00e0 m\u00fasica, dan\u00e7a e alegria do frevo. Suas cores vibrantes e design din\u00e2mico s\u00e3o um s\u00edmbolo da cultura brasileira e homenagem \u00e0 tradi\u00e7\u00e3o de Pernambuco. Como os passistas e guarda-chuvas do frevo, ele \u00e9 uma explos\u00e3o de cores e movimento. Ao us\u00e1-lo,&hellip;&nbsp;<a href=\"https:\/\/projetocasademaria.com\/index.php\/product\/chapeu-frevo\/\" class=\"\" rel=\"bookmark\">Continue a ler &raquo;<span class=\"screen-reader-text\">Chap\u00e9u Frevo<\/span><\/a><\/p>\n","protected":false},"featured_media":1001,"comment_status":"open","ping_status":"closed","template":"","meta":{"neve_meta_sidebar":"","neve_meta_container":"","neve_meta_enable_content_width":"off","neve_meta_content_width":100,"neve_meta_title_alignment":"","neve_meta_author_avatar":"","neve_post_elements_order":"","neve_meta_disable_header":"","neve_meta_disable_footer":"","neve_meta_disable_title":"","neve_meta_reading_time":"","_themeisle_gutenberg_block_has_review":false},"product_brand":[],"product_cat":[21,19,44,55],"product_tag":[],"class_list":{"0":"post-925","1":"product","2":"type-product","3":"status-publish","4":"has-post-thumbnail","6":"product_cat-acessorios","7":"product_cat-bolsas","8":"product_cat-capiba","9":"product_cat-croche","11":"first","12":"instock","13":"shipping-taxable","14":"purchasable","15":"product-type-variable"},"_links":{"self":[{"href":"https:\/\/projetocasademaria.com\/index.php\/wp-json\/wp\/v2\/product\/925","targetHints":{"allow":["GET"]}}],"collection":[{"href":"https:\/\/projetocasademaria.com\/index.php\/wp-json\/wp\/v2\/product"}],"about":[{"href":"https:\/\/projetocasademaria.com\/index.php\/wp-json\/wp\/v2\/types\/product"}],"replies":[{"embeddable":true,"href":"https:\/\/projetocasademaria.com\/index.php\/wp-json\/wp\/v2\/comments?post=925"}],"wp:featuredmedia":[{"embeddable":true,"href":"https:\/\/projetocasademaria.com\/index.php\/wp-json\/wp\/v2\/media\/1001"}],"wp:attachment":[{"href":"https:\/\/projetocasademaria.com\/index.php\/wp-json\/wp\/v2\/media?parent=925"}],"wp:term":[{"taxonomy":"product_brand","embeddable":true,"href":"https:\/\/projetocasademaria.com\/index.php\/wp-json\/wp\/v2\/product_brand?post=925"},{"taxonomy":"product_cat","embeddable":true,"href":"https:\/\/projetocasademaria.com\/index.php\/wp-json\/wp\/v2\/product_cat?post=925"},{"taxonomy":"product_tag","embeddable":true,"href":"https:\/\/projetocasademaria.com\/index.php\/wp-json\/wp\/v2\/product_tag?post=925"}],"curies":[{"name":"wp","href":"https:\/\/api.w.org\/{rel}","templated":true}]}}