{"id":920,"date":"2024-05-07T14:44:42","date_gmt":"2024-05-07T17:44:42","guid":{"rendered":"https:\/\/projetocasademaria.com\/?post_type=product&#038;p=920"},"modified":"2025-03-26T15:28:47","modified_gmt":"2025-03-26T18:28:47","slug":"carteira-laco-anos-30","status":"publish","type":"product","link":"https:\/\/projetocasademaria.com\/index.php\/product\/carteira-laco-anos-30\/","title":{"rendered":"Carteira La\u00e7o Anos 30"},"content":{"rendered":"<p>A carteira La\u00e7o Anos 30, combina o charme vintage dos anos 30 com a beleza artesanal do croch\u00ea. Feita \u00e0 m\u00e3o, exibe detalhes requintados que evocam a eleg\u00e2ncia de uma era passada. Cada ponto \u00e9 uma express\u00e3o de arte, criando uma textura \u00fanica e um padr\u00e3o encantador. Ao carreg\u00e1-la, voc\u00ea celebra n\u00e3o apenas um acess\u00f3rio de moda, mas tamb\u00e9m uma forma de arte tradicional, honrando o passado enquanto adiciona charme vintage ao seu estilo contempor\u00e2neo. Parte da cole\u00e7\u00e3o &#8220;Capiba Pelas Ruas Eu Vou&#8221;, da designer paulistana Luly Vianna.<\/p>\n<p>&nbsp;<\/p>\n<p>&nbsp;<\/p>\n","protected":false},"excerpt":{"rendered":"<p>A carteira La\u00e7o Anos 30, combina o charme vintage dos anos 30 com a beleza artesanal do croch\u00ea. Feita \u00e0 m\u00e3o, exibe detalhes requintados que evocam a eleg\u00e2ncia de uma era passada. Cada ponto \u00e9 uma express\u00e3o de arte, criando uma textura \u00fanica e um padr\u00e3o encantador. Ao carreg\u00e1-la, voc\u00ea celebra n\u00e3o apenas um acess\u00f3rio&hellip;&nbsp;<a href=\"https:\/\/projetocasademaria.com\/index.php\/product\/carteira-laco-anos-30\/\" class=\"\" rel=\"bookmark\">Continue a ler &raquo;<span class=\"screen-reader-text\">Carteira La\u00e7o Anos 30<\/span><\/a><\/p>\n","protected":false},"featured_media":921,"comment_status":"open","ping_status":"closed","template":"","meta":{"neve_meta_sidebar":"","neve_meta_container":"","neve_meta_enable_content_width":"off","neve_meta_content_width":100,"neve_meta_title_alignment":"","neve_meta_author_avatar":"","neve_post_elements_order":"","neve_meta_disable_header":"","neve_meta_disable_footer":"","neve_meta_disable_title":"","neve_meta_reading_time":"","_themeisle_gutenberg_block_has_review":false},"product_brand":[],"product_cat":[52,19,44,55],"product_tag":[],"class_list":{"0":"post-920","1":"product","2":"type-product","3":"status-publish","4":"has-post-thumbnail","6":"product_cat-amigurumi","7":"product_cat-bolsas","8":"product_cat-capiba","9":"product_cat-croche","11":"first","12":"instock","13":"shipping-taxable","14":"purchasable","15":"product-type-variable"},"_links":{"self":[{"href":"https:\/\/projetocasademaria.com\/index.php\/wp-json\/wp\/v2\/product\/920","targetHints":{"allow":["GET"]}}],"collection":[{"href":"https:\/\/projetocasademaria.com\/index.php\/wp-json\/wp\/v2\/product"}],"about":[{"href":"https:\/\/projetocasademaria.com\/index.php\/wp-json\/wp\/v2\/types\/product"}],"replies":[{"embeddable":true,"href":"https:\/\/projetocasademaria.com\/index.php\/wp-json\/wp\/v2\/comments?post=920"}],"wp:featuredmedia":[{"embeddable":true,"href":"https:\/\/projetocasademaria.com\/index.php\/wp-json\/wp\/v2\/media\/921"}],"wp:attachment":[{"href":"https:\/\/projetocasademaria.com\/index.php\/wp-json\/wp\/v2\/media?parent=920"}],"wp:term":[{"taxonomy":"product_brand","embeddable":true,"href":"https:\/\/projetocasademaria.com\/index.php\/wp-json\/wp\/v2\/product_brand?post=920"},{"taxonomy":"product_cat","embeddable":true,"href":"https:\/\/projetocasademaria.com\/index.php\/wp-json\/wp\/v2\/product_cat?post=920"},{"taxonomy":"product_tag","embeddable":true,"href":"https:\/\/projetocasademaria.com\/index.php\/wp-json\/wp\/v2\/product_tag?post=920"}],"curies":[{"name":"wp","href":"https:\/\/api.w.org\/{rel}","templated":true}]}}