{"id":911,"date":"2024-05-07T12:06:26","date_gmt":"2024-05-07T15:06:26","guid":{"rendered":"https:\/\/projetocasademaria.com\/?post_type=product&#038;p=911"},"modified":"2025-12-11T17:11:54","modified_gmt":"2025-12-11T20:11:54","slug":"fruteira-missa-armorial","status":"publish","type":"product","link":"https:\/\/projetocasademaria.com\/index.php\/product\/fruteira-missa-armorial\/","title":{"rendered":"Fruteira Missa Armorial"},"content":{"rendered":"<p>A fruteira Missa Armorial \u00e9 uma pe\u00e7a que une tradi\u00e7\u00e3o e modernidade, sendo mais que uma simples fruteira &#8211; \u00e9 uma obra de arte que enriquece qualquer ambiente com sua presen\u00e7a imponente e sofisticada. Suas cores s\u00f3brias e neutras adicionam sofistica\u00e7\u00e3o discreta, integrando-se a uma variedade de estilos de decora\u00e7\u00e3o. Exibir essa fruteira \u00e9 compartilhar e celebrar uma parte importante da cultura e hist\u00f3ria brasileira, contando uma hist\u00f3ria de beleza, significado e tradi\u00e7\u00e3o. Parte da cole\u00e7\u00e3o &#8220;Capiba Pelas Ruas Eu Vou&#8221;, da designer paulistana Luly Vianna.<\/p>\n","protected":false},"excerpt":{"rendered":"<p>A fruteira Missa Armorial \u00e9 uma pe\u00e7a que une tradi\u00e7\u00e3o e modernidade, sendo mais que uma simples fruteira &#8211; \u00e9 uma obra de arte que enriquece qualquer ambiente com sua presen\u00e7a imponente e sofisticada. Suas cores s\u00f3brias e neutras adicionam sofistica\u00e7\u00e3o discreta, integrando-se a uma variedade de estilos de decora\u00e7\u00e3o. Exibir essa fruteira \u00e9 compartilhar&hellip;&nbsp;<a href=\"https:\/\/projetocasademaria.com\/index.php\/product\/fruteira-missa-armorial\/\" class=\"\" rel=\"bookmark\">Continue a ler &raquo;<span class=\"screen-reader-text\">Fruteira Missa Armorial<\/span><\/a><\/p>\n","protected":false},"featured_media":912,"comment_status":"open","ping_status":"closed","template":"","meta":{"neve_meta_sidebar":"","neve_meta_container":"","neve_meta_enable_content_width":"off","neve_meta_content_width":100,"neve_meta_title_alignment":"","neve_meta_author_avatar":"","neve_post_elements_order":"","neve_meta_disable_header":"","neve_meta_disable_footer":"","neve_meta_disable_title":"","neve_meta_reading_time":"","_themeisle_gutenberg_block_has_review":false},"product_brand":[],"product_cat":[44,20],"product_tag":[],"class_list":{"0":"post-911","1":"product","2":"type-product","3":"status-publish","4":"has-post-thumbnail","6":"product_cat-capiba","7":"product_cat-casa","9":"first","10":"instock","11":"shipping-taxable","12":"purchasable","13":"product-type-variable"},"_links":{"self":[{"href":"https:\/\/projetocasademaria.com\/index.php\/wp-json\/wp\/v2\/product\/911","targetHints":{"allow":["GET"]}}],"collection":[{"href":"https:\/\/projetocasademaria.com\/index.php\/wp-json\/wp\/v2\/product"}],"about":[{"href":"https:\/\/projetocasademaria.com\/index.php\/wp-json\/wp\/v2\/types\/product"}],"replies":[{"embeddable":true,"href":"https:\/\/projetocasademaria.com\/index.php\/wp-json\/wp\/v2\/comments?post=911"}],"wp:featuredmedia":[{"embeddable":true,"href":"https:\/\/projetocasademaria.com\/index.php\/wp-json\/wp\/v2\/media\/912"}],"wp:attachment":[{"href":"https:\/\/projetocasademaria.com\/index.php\/wp-json\/wp\/v2\/media?parent=911"}],"wp:term":[{"taxonomy":"product_brand","embeddable":true,"href":"https:\/\/projetocasademaria.com\/index.php\/wp-json\/wp\/v2\/product_brand?post=911"},{"taxonomy":"product_cat","embeddable":true,"href":"https:\/\/projetocasademaria.com\/index.php\/wp-json\/wp\/v2\/product_cat?post=911"},{"taxonomy":"product_tag","embeddable":true,"href":"https:\/\/projetocasademaria.com\/index.php\/wp-json\/wp\/v2\/product_tag?post=911"}],"curies":[{"name":"wp","href":"https:\/\/api.w.org\/{rel}","templated":true}]}}