{"id":904,"date":"2024-05-07T11:47:42","date_gmt":"2024-05-07T14:47:42","guid":{"rendered":"https:\/\/projetocasademaria.com\/?post_type=product&#038;p=904"},"modified":"2025-02-27T12:31:42","modified_gmt":"2025-02-27T15:31:42","slug":"carteira-frevo","status":"publish","type":"product","link":"https:\/\/projetocasademaria.com\/index.php\/product\/carteira-frevo\/","title":{"rendered":"Carteira Frevo"},"content":{"rendered":"<p>A carteira Frevo celebra a energia vibrante do frevo, combinando cores vibrantes com eleg\u00e2ncia cl\u00e1ssica. Suas cores ousadas evocam a vitalidade do carnaval pernambucano, dan\u00e7ando em harmonia com tons neutros. Apesar da exuber\u00e2ncia, mant\u00e9m um design vers\u00e1til e funcional para diversas ocasi\u00f5es. Mais que um acess\u00f3rio de moda, \u00e9 uma express\u00e3o de arte e cultura, capturando a ess\u00eancia do frevo. Parte da Cole\u00e7\u00e3o &#8220;Capiba Pelas Ruas Eu Vou&#8221;, da designer paulistana Luly Vianna.<\/p>\n","protected":false},"excerpt":{"rendered":"<p>A carteira Frevo celebra a energia vibrante do frevo, combinando cores vibrantes com eleg\u00e2ncia cl\u00e1ssica. Suas cores ousadas evocam a vitalidade do carnaval pernambucano, dan\u00e7ando em harmonia com tons neutros. Apesar da exuber\u00e2ncia, mant\u00e9m um design vers\u00e1til e funcional para diversas ocasi\u00f5es. Mais que um acess\u00f3rio de moda, \u00e9 uma express\u00e3o de arte e cultura,&hellip;&nbsp;<a href=\"https:\/\/projetocasademaria.com\/index.php\/product\/carteira-frevo\/\" class=\"\" rel=\"bookmark\">Continue a ler &raquo;<span class=\"screen-reader-text\">Carteira Frevo<\/span><\/a><\/p>\n","protected":false},"featured_media":905,"comment_status":"open","ping_status":"closed","template":"","meta":{"neve_meta_sidebar":"","neve_meta_container":"","neve_meta_enable_content_width":"off","neve_meta_content_width":100,"neve_meta_title_alignment":"","neve_meta_author_avatar":"","neve_post_elements_order":"","neve_meta_disable_header":"","neve_meta_disable_footer":"","neve_meta_disable_title":"","neve_meta_reading_time":"","_themeisle_gutenberg_block_has_review":false},"product_brand":[],"product_cat":[52,19,44,55],"product_tag":[],"class_list":{"0":"post-904","1":"product","2":"type-product","3":"status-publish","4":"has-post-thumbnail","6":"product_cat-amigurumi","7":"product_cat-bolsas","8":"product_cat-capiba","9":"product_cat-croche","11":"first","12":"instock","13":"shipping-taxable","14":"purchasable","15":"product-type-variable"},"_links":{"self":[{"href":"https:\/\/projetocasademaria.com\/index.php\/wp-json\/wp\/v2\/product\/904","targetHints":{"allow":["GET"]}}],"collection":[{"href":"https:\/\/projetocasademaria.com\/index.php\/wp-json\/wp\/v2\/product"}],"about":[{"href":"https:\/\/projetocasademaria.com\/index.php\/wp-json\/wp\/v2\/types\/product"}],"replies":[{"embeddable":true,"href":"https:\/\/projetocasademaria.com\/index.php\/wp-json\/wp\/v2\/comments?post=904"}],"wp:featuredmedia":[{"embeddable":true,"href":"https:\/\/projetocasademaria.com\/index.php\/wp-json\/wp\/v2\/media\/905"}],"wp:attachment":[{"href":"https:\/\/projetocasademaria.com\/index.php\/wp-json\/wp\/v2\/media?parent=904"}],"wp:term":[{"taxonomy":"product_brand","embeddable":true,"href":"https:\/\/projetocasademaria.com\/index.php\/wp-json\/wp\/v2\/product_brand?post=904"},{"taxonomy":"product_cat","embeddable":true,"href":"https:\/\/projetocasademaria.com\/index.php\/wp-json\/wp\/v2\/product_cat?post=904"},{"taxonomy":"product_tag","embeddable":true,"href":"https:\/\/projetocasademaria.com\/index.php\/wp-json\/wp\/v2\/product_tag?post=904"}],"curies":[{"name":"wp","href":"https:\/\/api.w.org\/{rel}","templated":true}]}}