{"id":896,"date":"2024-05-07T11:00:34","date_gmt":"2024-05-07T14:00:34","guid":{"rendered":"https:\/\/projetocasademaria.com\/?post_type=product&#038;p=896"},"modified":"2024-06-10T12:50:39","modified_gmt":"2024-06-10T15:50:39","slug":"bolsa-afoxe","status":"publish","type":"product","link":"https:\/\/projetocasademaria.com\/index.php\/product\/bolsa-afoxe\/","title":{"rendered":"Bolsa Afox\u00e9"},"content":{"rendered":"<p>A bolsa Afox\u00e9 combina sofistica\u00e7\u00e3o e estilo com a riqueza da tradi\u00e7\u00e3o cultural do Afox\u00e9. Seu design minimalista em contraste com o preto e cru transmite eleg\u00e2ncia atemporal. Cada detalhe \u00e9 cuidadosamente pensado, desde os materiais selecionados at\u00e9 a confec\u00e7\u00e3o artesanal, garantindo durabilidade e estilo. Ao carreg\u00e1-la, n\u00e3o apenas adiciona-se eleg\u00e2ncia ao visual, mas tamb\u00e9m celebra-se a cultura afro-brasileira, honrando tradi\u00e7\u00f5es ancestrais e conectando-se com uma heran\u00e7a diversificada. Parte da cole\u00e7\u00e3o &#8220;Capiba Pelas Ruas Eu Vou&#8221;, da designer paulistana Luly Vianna.<\/p>\n<p>&nbsp;<\/p>\n","protected":false},"excerpt":{"rendered":"<p>A bolsa Afox\u00e9 combina sofistica\u00e7\u00e3o e estilo com a riqueza da tradi\u00e7\u00e3o cultural do Afox\u00e9. Seu design minimalista em contraste com o preto e cru transmite eleg\u00e2ncia atemporal. Cada detalhe \u00e9 cuidadosamente pensado, desde os materiais selecionados at\u00e9 a confec\u00e7\u00e3o artesanal, garantindo durabilidade e estilo. Ao carreg\u00e1-la, n\u00e3o apenas adiciona-se eleg\u00e2ncia ao visual, mas tamb\u00e9m&hellip;&nbsp;<a href=\"https:\/\/projetocasademaria.com\/index.php\/product\/bolsa-afoxe\/\" class=\"\" rel=\"bookmark\">Continue a ler &raquo;<span class=\"screen-reader-text\">Bolsa Afox\u00e9<\/span><\/a><\/p>\n","protected":false},"featured_media":897,"comment_status":"open","ping_status":"closed","template":"","meta":{"neve_meta_sidebar":"","neve_meta_container":"","neve_meta_enable_content_width":"off","neve_meta_content_width":100,"neve_meta_title_alignment":"","neve_meta_author_avatar":"","neve_post_elements_order":"","neve_meta_disable_header":"","neve_meta_disable_footer":"","neve_meta_disable_title":"","neve_meta_reading_time":"","_themeisle_gutenberg_block_has_review":false},"product_brand":[],"product_cat":[52,19,44,55],"product_tag":[],"class_list":{"0":"post-896","1":"product","2":"type-product","3":"status-publish","4":"has-post-thumbnail","6":"product_cat-amigurumi","7":"product_cat-bolsas","8":"product_cat-capiba","9":"product_cat-croche","11":"first","12":"instock","13":"shipping-taxable","14":"purchasable","15":"product-type-simple"},"_links":{"self":[{"href":"https:\/\/projetocasademaria.com\/index.php\/wp-json\/wp\/v2\/product\/896","targetHints":{"allow":["GET"]}}],"collection":[{"href":"https:\/\/projetocasademaria.com\/index.php\/wp-json\/wp\/v2\/product"}],"about":[{"href":"https:\/\/projetocasademaria.com\/index.php\/wp-json\/wp\/v2\/types\/product"}],"replies":[{"embeddable":true,"href":"https:\/\/projetocasademaria.com\/index.php\/wp-json\/wp\/v2\/comments?post=896"}],"wp:featuredmedia":[{"embeddable":true,"href":"https:\/\/projetocasademaria.com\/index.php\/wp-json\/wp\/v2\/media\/897"}],"wp:attachment":[{"href":"https:\/\/projetocasademaria.com\/index.php\/wp-json\/wp\/v2\/media?parent=896"}],"wp:term":[{"taxonomy":"product_brand","embeddable":true,"href":"https:\/\/projetocasademaria.com\/index.php\/wp-json\/wp\/v2\/product_brand?post=896"},{"taxonomy":"product_cat","embeddable":true,"href":"https:\/\/projetocasademaria.com\/index.php\/wp-json\/wp\/v2\/product_cat?post=896"},{"taxonomy":"product_tag","embeddable":true,"href":"https:\/\/projetocasademaria.com\/index.php\/wp-json\/wp\/v2\/product_tag?post=896"}],"curies":[{"name":"wp","href":"https:\/\/api.w.org\/{rel}","templated":true}]}}