{"id":882,"date":"2024-04-30T16:32:58","date_gmt":"2024-04-30T19:32:58","guid":{"rendered":"https:\/\/projetocasademaria.com\/?post_type=product&#038;p=882"},"modified":"2025-12-03T19:40:42","modified_gmt":"2025-12-03T22:40:42","slug":"pochete-frevo","status":"publish","type":"product","link":"https:\/\/projetocasademaria.com\/index.php\/product\/pochete-frevo\/","title":{"rendered":"Pochete Frevo"},"content":{"rendered":"<p>A pochete Frevo \u00e9 uma express\u00e3o de liberdade e energia, inspirada nos ritmos vibrantes do Frevo. Com design pr\u00e1tico e estilo aut\u00eantico, \u00e9 ideal para quem busca explorar o mundo com leveza e estilo. Feita com materiais de alta qualidade e detalhes artesanais, cada pochete reflete a rica tradi\u00e7\u00e3o do frevo, homenageando o talento das artes\u00e3s locais. Parte da cole\u00e7\u00e3o &#8220;Capiba Pelas Ruas Eu Vou&#8221;, da designer paulistana Luly Vianna.<\/p>\n","protected":false},"excerpt":{"rendered":"<p>A pochete Frevo \u00e9 uma express\u00e3o de liberdade e energia, inspirada nos ritmos vibrantes do Frevo. Com design pr\u00e1tico e estilo aut\u00eantico, \u00e9 ideal para quem busca explorar o mundo com leveza e estilo. Feita com materiais de alta qualidade e detalhes artesanais, cada pochete reflete a rica tradi\u00e7\u00e3o do frevo, homenageando o talento das&hellip;&nbsp;<a href=\"https:\/\/projetocasademaria.com\/index.php\/product\/pochete-frevo\/\" class=\"\" rel=\"bookmark\">Continue a ler &raquo;<span class=\"screen-reader-text\">Pochete Frevo<\/span><\/a><\/p>\n","protected":false},"featured_media":883,"comment_status":"open","ping_status":"closed","template":"","meta":{"neve_meta_sidebar":"","neve_meta_container":"","neve_meta_enable_content_width":"off","neve_meta_content_width":100,"neve_meta_title_alignment":"","neve_meta_author_avatar":"","neve_post_elements_order":"","neve_meta_disable_header":"","neve_meta_disable_footer":"","neve_meta_disable_title":"","neve_meta_reading_time":"","_themeisle_gutenberg_block_has_review":false},"product_brand":[],"product_cat":[19,44,55],"product_tag":[],"class_list":{"0":"post-882","1":"product","2":"type-product","3":"status-publish","4":"has-post-thumbnail","6":"product_cat-bolsas","7":"product_cat-capiba","8":"product_cat-croche","10":"first","11":"instock","12":"shipping-taxable","13":"purchasable","14":"product-type-variable"},"_links":{"self":[{"href":"https:\/\/projetocasademaria.com\/index.php\/wp-json\/wp\/v2\/product\/882","targetHints":{"allow":["GET"]}}],"collection":[{"href":"https:\/\/projetocasademaria.com\/index.php\/wp-json\/wp\/v2\/product"}],"about":[{"href":"https:\/\/projetocasademaria.com\/index.php\/wp-json\/wp\/v2\/types\/product"}],"replies":[{"embeddable":true,"href":"https:\/\/projetocasademaria.com\/index.php\/wp-json\/wp\/v2\/comments?post=882"}],"wp:featuredmedia":[{"embeddable":true,"href":"https:\/\/projetocasademaria.com\/index.php\/wp-json\/wp\/v2\/media\/883"}],"wp:attachment":[{"href":"https:\/\/projetocasademaria.com\/index.php\/wp-json\/wp\/v2\/media?parent=882"}],"wp:term":[{"taxonomy":"product_brand","embeddable":true,"href":"https:\/\/projetocasademaria.com\/index.php\/wp-json\/wp\/v2\/product_brand?post=882"},{"taxonomy":"product_cat","embeddable":true,"href":"https:\/\/projetocasademaria.com\/index.php\/wp-json\/wp\/v2\/product_cat?post=882"},{"taxonomy":"product_tag","embeddable":true,"href":"https:\/\/projetocasademaria.com\/index.php\/wp-json\/wp\/v2\/product_tag?post=882"}],"curies":[{"name":"wp","href":"https:\/\/api.w.org\/{rel}","templated":true}]}}