{"id":872,"date":"2024-04-30T16:25:17","date_gmt":"2024-04-30T19:25:17","guid":{"rendered":"https:\/\/projetocasademaria.com\/?post_type=product&#038;p=872"},"modified":"2025-12-30T14:25:25","modified_gmt":"2025-12-30T17:25:25","slug":"bolsa-frufru","status":"publish","type":"product","link":"https:\/\/projetocasademaria.com\/index.php\/product\/bolsa-frufru\/","title":{"rendered":"Bolsa Frufru"},"content":{"rendered":"<p>A Bolsa Frufru \u00e9 uma obra-prima artesanal, tecida \u00e0 m\u00e3o com fios de seda de alta qualidade, expressando eleg\u00e2ncia e sofistica\u00e7\u00e3o. Seu design frufru adiciona charme e feminilidade, com camadas delicadas que dan\u00e7am ao ritmo do movimento. Vers\u00e1til e espa\u00e7osa, \u00e9 adequada para diversos eventos, desde passeios descontra\u00eddos at\u00e9 noites de gala. Parte da Cole\u00e7\u00e3o &#8220;Capiba Pelas Ruas Eu Vou&#8221;, da designer Luly Vianna.<\/p>\n","protected":false},"excerpt":{"rendered":"<p>A Bolsa Frufru \u00e9 uma obra-prima artesanal, tecida \u00e0 m\u00e3o com fios de seda de alta qualidade, expressando eleg\u00e2ncia e sofistica\u00e7\u00e3o. Seu design frufru adiciona charme e feminilidade, com camadas delicadas que dan\u00e7am ao ritmo do movimento. Vers\u00e1til e espa\u00e7osa, \u00e9 adequada para diversos eventos, desde passeios descontra\u00eddos at\u00e9 noites de gala. Parte da Cole\u00e7\u00e3o&hellip;&nbsp;<a href=\"https:\/\/projetocasademaria.com\/index.php\/product\/bolsa-frufru\/\" class=\"\" rel=\"bookmark\">Continue a ler &raquo;<span class=\"screen-reader-text\">Bolsa Frufru<\/span><\/a><\/p>\n","protected":false},"featured_media":873,"comment_status":"open","ping_status":"closed","template":"","meta":{"neve_meta_sidebar":"","neve_meta_container":"","neve_meta_enable_content_width":"off","neve_meta_content_width":100,"neve_meta_title_alignment":"","neve_meta_author_avatar":"","neve_post_elements_order":"","neve_meta_disable_header":"","neve_meta_disable_footer":"","neve_meta_disable_title":"","neve_meta_reading_time":"","_themeisle_gutenberg_block_has_review":false},"product_brand":[],"product_cat":[19,44,55],"product_tag":[],"class_list":{"0":"post-872","1":"product","2":"type-product","3":"status-publish","4":"has-post-thumbnail","6":"product_cat-bolsas","7":"product_cat-capiba","8":"product_cat-croche","10":"first","11":"instock","12":"shipping-taxable","13":"purchasable","14":"product-type-variable"},"_links":{"self":[{"href":"https:\/\/projetocasademaria.com\/index.php\/wp-json\/wp\/v2\/product\/872","targetHints":{"allow":["GET"]}}],"collection":[{"href":"https:\/\/projetocasademaria.com\/index.php\/wp-json\/wp\/v2\/product"}],"about":[{"href":"https:\/\/projetocasademaria.com\/index.php\/wp-json\/wp\/v2\/types\/product"}],"replies":[{"embeddable":true,"href":"https:\/\/projetocasademaria.com\/index.php\/wp-json\/wp\/v2\/comments?post=872"}],"wp:featuredmedia":[{"embeddable":true,"href":"https:\/\/projetocasademaria.com\/index.php\/wp-json\/wp\/v2\/media\/873"}],"wp:attachment":[{"href":"https:\/\/projetocasademaria.com\/index.php\/wp-json\/wp\/v2\/media?parent=872"}],"wp:term":[{"taxonomy":"product_brand","embeddable":true,"href":"https:\/\/projetocasademaria.com\/index.php\/wp-json\/wp\/v2\/product_brand?post=872"},{"taxonomy":"product_cat","embeddable":true,"href":"https:\/\/projetocasademaria.com\/index.php\/wp-json\/wp\/v2\/product_cat?post=872"},{"taxonomy":"product_tag","embeddable":true,"href":"https:\/\/projetocasademaria.com\/index.php\/wp-json\/wp\/v2\/product_tag?post=872"}],"curies":[{"name":"wp","href":"https:\/\/api.w.org\/{rel}","templated":true}]}}