{"id":868,"date":"2024-04-30T16:08:56","date_gmt":"2024-04-30T19:08:56","guid":{"rendered":"https:\/\/projetocasademaria.com\/?post_type=product&#038;p=868"},"modified":"2025-12-11T17:11:14","modified_gmt":"2025-12-11T20:11:14","slug":"bolsa-frevo","status":"publish","type":"product","link":"https:\/\/projetocasademaria.com\/index.php\/product\/bolsa-frevo\/","title":{"rendered":"Bolsa Frevo"},"content":{"rendered":"<p>A bolsa Frevo \u00e9 uma explos\u00e3o de cores e energia, uma homenagem ao ritmo contagiante do frevo. Com sua combina\u00e7\u00e3o ousada de cores, captura a ess\u00eancia din\u00e2mica dessa manifesta\u00e7\u00e3o cultural. Apesar da exuber\u00e2ncia, mant\u00e9m uma eleg\u00e2ncia atemporal e versatilidade para diversas ocasi\u00f5es. Ao carreg\u00e1-la, n\u00e3o apenas adiciona-se estilo ao visual, mas tamb\u00e9m celebra-se a cultura brasileira. Feita em croch\u00ea com detalhes em amigurumi, faz parte da cole\u00e7\u00e3o &#8220;Capiba Pelas Ruas Eu Vou&#8221;, da designer Luly Vianna.<\/p>\n<p>&nbsp;<\/p>\n<p>&nbsp;<\/p>\n","protected":false},"excerpt":{"rendered":"<p>A bolsa Frevo \u00e9 uma explos\u00e3o de cores e energia, uma homenagem ao ritmo contagiante do frevo. Com sua combina\u00e7\u00e3o ousada de cores, captura a ess\u00eancia din\u00e2mica dessa manifesta\u00e7\u00e3o cultural. Apesar da exuber\u00e2ncia, mant\u00e9m uma eleg\u00e2ncia atemporal e versatilidade para diversas ocasi\u00f5es. Ao carreg\u00e1-la, n\u00e3o apenas adiciona-se estilo ao visual, mas tamb\u00e9m celebra-se a cultura&hellip;&nbsp;<a href=\"https:\/\/projetocasademaria.com\/index.php\/product\/bolsa-frevo\/\" class=\"\" rel=\"bookmark\">Continue a ler &raquo;<span class=\"screen-reader-text\">Bolsa Frevo<\/span><\/a><\/p>\n","protected":false},"featured_media":869,"comment_status":"open","ping_status":"closed","template":"","meta":{"neve_meta_sidebar":"","neve_meta_container":"","neve_meta_enable_content_width":"off","neve_meta_content_width":100,"neve_meta_title_alignment":"","neve_meta_author_avatar":"","neve_post_elements_order":"","neve_meta_disable_header":"","neve_meta_disable_footer":"","neve_meta_disable_title":"","neve_meta_reading_time":"","_themeisle_gutenberg_block_has_review":false},"product_brand":[],"product_cat":[52,19,44,55],"product_tag":[],"class_list":{"0":"post-868","1":"product","2":"type-product","3":"status-publish","4":"has-post-thumbnail","6":"product_cat-amigurumi","7":"product_cat-bolsas","8":"product_cat-capiba","9":"product_cat-croche","11":"first","12":"instock","13":"shipping-taxable","14":"purchasable","15":"product-type-simple"},"_links":{"self":[{"href":"https:\/\/projetocasademaria.com\/index.php\/wp-json\/wp\/v2\/product\/868","targetHints":{"allow":["GET"]}}],"collection":[{"href":"https:\/\/projetocasademaria.com\/index.php\/wp-json\/wp\/v2\/product"}],"about":[{"href":"https:\/\/projetocasademaria.com\/index.php\/wp-json\/wp\/v2\/types\/product"}],"replies":[{"embeddable":true,"href":"https:\/\/projetocasademaria.com\/index.php\/wp-json\/wp\/v2\/comments?post=868"}],"wp:featuredmedia":[{"embeddable":true,"href":"https:\/\/projetocasademaria.com\/index.php\/wp-json\/wp\/v2\/media\/869"}],"wp:attachment":[{"href":"https:\/\/projetocasademaria.com\/index.php\/wp-json\/wp\/v2\/media?parent=868"}],"wp:term":[{"taxonomy":"product_brand","embeddable":true,"href":"https:\/\/projetocasademaria.com\/index.php\/wp-json\/wp\/v2\/product_brand?post=868"},{"taxonomy":"product_cat","embeddable":true,"href":"https:\/\/projetocasademaria.com\/index.php\/wp-json\/wp\/v2\/product_cat?post=868"},{"taxonomy":"product_tag","embeddable":true,"href":"https:\/\/projetocasademaria.com\/index.php\/wp-json\/wp\/v2\/product_tag?post=868"}],"curies":[{"name":"wp","href":"https:\/\/api.w.org\/{rel}","templated":true}]}}