{"id":468,"date":"2023-09-04T13:17:55","date_gmt":"2023-09-04T16:17:55","guid":{"rendered":"https:\/\/projetocasademaria.com\/?post_type=product&#038;p=468"},"modified":"2025-03-28T14:30:14","modified_gmt":"2025-03-28T17:30:14","slug":"alca-para-celular-de-macrame","status":"publish","type":"product","link":"https:\/\/projetocasademaria.com\/index.php\/product\/alca-para-celular-de-macrame\/","title":{"rendered":"Al\u00e7a para celular de macram\u00ea"},"content":{"rendered":"<p>J\u00e1 pensou se existisse uma forma <strong>pr\u00e1tica<\/strong> e <strong>elegante<\/strong> de ter seu celular sempre em m\u00e3os? E que lhe salvasse de esquecer ele largado por a\u00ed? Pois \u00e9, ela existe! Nossa al\u00e7a para celular \u00e9 toda feita em <strong>macram\u00ea<\/strong> e possui dois <strong>mosquet\u00f5es dourados<\/strong> para que voc\u00ea a possa prender na capinha. Eita, mas voc\u00ea n\u00e3o tem a capinha? Sem problemas! N\u00f3s enviamos juntamente com a al\u00e7a um <strong>suporte universal feito em tecido<\/strong> para que voc\u00ea possa utiliz\u00e1-la em qualquer celular com qualquer capinha! Arrasamos, n\u00e9?<\/p>\n<p>Comprimento total: 120cm (sendo 110cm do cord\u00e3o e 10cm dos mosquet\u00f5es).<\/p>\n","protected":false},"excerpt":{"rendered":"<p>J\u00e1 pensou se existisse uma forma pr\u00e1tica e elegante de ter seu celular sempre em m\u00e3os? E que lhe salvasse de esquecer ele largado por a\u00ed? Pois \u00e9, ela existe! Nossa al\u00e7a para celular \u00e9 toda feita em macram\u00ea e possui dois mosquet\u00f5es dourados para que voc\u00ea a possa prender na capinha. Eita, mas voc\u00ea&hellip;&nbsp;<a href=\"https:\/\/projetocasademaria.com\/index.php\/product\/alca-para-celular-de-macrame\/\" class=\"\" rel=\"bookmark\">Continue a ler &raquo;<span class=\"screen-reader-text\">Al\u00e7a para celular de macram\u00ea<\/span><\/a><\/p>\n","protected":false},"featured_media":714,"comment_status":"open","ping_status":"closed","template":"","meta":{"neve_meta_sidebar":"","neve_meta_container":"","neve_meta_enable_content_width":"off","neve_meta_content_width":100,"neve_meta_title_alignment":"","neve_meta_author_avatar":"","neve_post_elements_order":"","neve_meta_disable_header":"","neve_meta_disable_footer":"","neve_meta_disable_title":"","neve_meta_reading_time":"","_themeisle_gutenberg_block_has_review":false},"product_brand":[],"product_cat":[21,54],"product_tag":[104,98,59,60],"class_list":{"0":"post-468","1":"product","2":"type-product","3":"status-publish","4":"has-post-thumbnail","6":"product_cat-acessorios","7":"product_cat-macrame","8":"product_tag-alca-para-celular","9":"product_tag-macrame","10":"product_tag-moda-sustentavel","11":"product_tag-slow-fashion","13":"first","14":"instock","15":"shipping-taxable","16":"purchasable","17":"product-type-variable"},"_links":{"self":[{"href":"https:\/\/projetocasademaria.com\/index.php\/wp-json\/wp\/v2\/product\/468","targetHints":{"allow":["GET"]}}],"collection":[{"href":"https:\/\/projetocasademaria.com\/index.php\/wp-json\/wp\/v2\/product"}],"about":[{"href":"https:\/\/projetocasademaria.com\/index.php\/wp-json\/wp\/v2\/types\/product"}],"replies":[{"embeddable":true,"href":"https:\/\/projetocasademaria.com\/index.php\/wp-json\/wp\/v2\/comments?post=468"}],"wp:featuredmedia":[{"embeddable":true,"href":"https:\/\/projetocasademaria.com\/index.php\/wp-json\/wp\/v2\/media\/714"}],"wp:attachment":[{"href":"https:\/\/projetocasademaria.com\/index.php\/wp-json\/wp\/v2\/media?parent=468"}],"wp:term":[{"taxonomy":"product_brand","embeddable":true,"href":"https:\/\/projetocasademaria.com\/index.php\/wp-json\/wp\/v2\/product_brand?post=468"},{"taxonomy":"product_cat","embeddable":true,"href":"https:\/\/projetocasademaria.com\/index.php\/wp-json\/wp\/v2\/product_cat?post=468"},{"taxonomy":"product_tag","embeddable":true,"href":"https:\/\/projetocasademaria.com\/index.php\/wp-json\/wp\/v2\/product_tag?post=468"}],"curies":[{"name":"wp","href":"https:\/\/api.w.org\/{rel}","templated":true}]}}