{"id":467,"date":"2023-09-04T13:17:00","date_gmt":"2023-09-04T16:17:00","guid":{"rendered":"https:\/\/projetocasademaria.com\/?post_type=product&#038;p=467"},"modified":"2025-03-27T11:41:24","modified_gmt":"2025-03-27T14:41:24","slug":"pulseira-tecelagem","status":"publish","type":"product","link":"https:\/\/projetocasademaria.com\/index.php\/product\/pulseira-tecelagem\/","title":{"rendered":"Pulseira de Tecelagem"},"content":{"rendered":"<p>Um cl\u00e1ssico da\u00a0<strong>Casa de Maria<\/strong>! A nossa pulseira de <strong>tecelagem<\/strong> \u00e9 super elegante e moderna, sendo um diferencial na composi\u00e7\u00e3o do seu look. Ela possui uma abertura que permite o seu encaixe em qualquer tamanho de bra\u00e7o. Produzida com <strong>jornal<\/strong>, recebe um tratamento impermeabilizante para aumentar a sua resist\u00eancia \u00e0 \u00e1gua.<\/p>\n<p>Altura: 7cm &#8211; Profundidade: 6cm &#8211; Comprimento m\u00ednimo: 7cm<\/p>\n","protected":false},"excerpt":{"rendered":"<p>Um cl\u00e1ssico da\u00a0Casa de Maria! A nossa pulseira de tecelagem \u00e9 super elegante e moderna, sendo um diferencial na composi\u00e7\u00e3o do seu look. Ela possui uma abertura que permite o seu encaixe em qualquer tamanho de bra\u00e7o. Produzida com jornal, recebe um tratamento impermeabilizante para aumentar a sua resist\u00eancia \u00e0 \u00e1gua. Altura: 7cm &#8211; Profundidade:&hellip;&nbsp;<a href=\"https:\/\/projetocasademaria.com\/index.php\/product\/pulseira-tecelagem\/\" class=\"\" rel=\"bookmark\">Continue a ler &raquo;<span class=\"screen-reader-text\">Pulseira de Tecelagem<\/span><\/a><\/p>\n","protected":false},"featured_media":722,"comment_status":"open","ping_status":"closed","template":"","meta":{"neve_meta_sidebar":"","neve_meta_container":"","neve_meta_enable_content_width":"off","neve_meta_content_width":100,"neve_meta_title_alignment":"","neve_meta_author_avatar":"","neve_post_elements_order":"","neve_meta_disable_header":"","neve_meta_disable_footer":"","neve_meta_disable_title":"","neve_meta_reading_time":"","_themeisle_gutenberg_block_has_review":false},"product_brand":[],"product_cat":[21,43,53],"product_tag":[59,106,60,105],"class_list":{"0":"post-467","1":"product","2":"type-product","3":"status-publish","4":"has-post-thumbnail","6":"product_cat-acessorios","7":"product_cat-duo-de-cores","8":"product_cat-tecelagem","9":"product_tag-moda-sustentavel","10":"product_tag-pulseira","11":"product_tag-slow-fashion","12":"product_tag-tecelagem","14":"first","15":"instock","16":"shipping-taxable","17":"purchasable","18":"product-type-variable"},"_links":{"self":[{"href":"https:\/\/projetocasademaria.com\/index.php\/wp-json\/wp\/v2\/product\/467","targetHints":{"allow":["GET"]}}],"collection":[{"href":"https:\/\/projetocasademaria.com\/index.php\/wp-json\/wp\/v2\/product"}],"about":[{"href":"https:\/\/projetocasademaria.com\/index.php\/wp-json\/wp\/v2\/types\/product"}],"replies":[{"embeddable":true,"href":"https:\/\/projetocasademaria.com\/index.php\/wp-json\/wp\/v2\/comments?post=467"}],"wp:featuredmedia":[{"embeddable":true,"href":"https:\/\/projetocasademaria.com\/index.php\/wp-json\/wp\/v2\/media\/722"}],"wp:attachment":[{"href":"https:\/\/projetocasademaria.com\/index.php\/wp-json\/wp\/v2\/media?parent=467"}],"wp:term":[{"taxonomy":"product_brand","embeddable":true,"href":"https:\/\/projetocasademaria.com\/index.php\/wp-json\/wp\/v2\/product_brand?post=467"},{"taxonomy":"product_cat","embeddable":true,"href":"https:\/\/projetocasademaria.com\/index.php\/wp-json\/wp\/v2\/product_cat?post=467"},{"taxonomy":"product_tag","embeddable":true,"href":"https:\/\/projetocasademaria.com\/index.php\/wp-json\/wp\/v2\/product_tag?post=467"}],"curies":[{"name":"wp","href":"https:\/\/api.w.org\/{rel}","templated":true}]}}