{"id":453,"date":"2023-09-04T12:45:09","date_gmt":"2023-09-04T15:45:09","guid":{"rendered":"https:\/\/projetocasademaria.com\/?post_type=product&#038;p=453"},"modified":"2025-03-27T10:51:03","modified_gmt":"2025-03-27T13:51:03","slug":"bolsa-porta-notebook","status":"publish","type":"product","link":"https:\/\/projetocasademaria.com\/index.php\/product\/bolsa-porta-notebook\/","title":{"rendered":"Bolsa porta notebook"},"content":{"rendered":"<p>Nossa bolsa porta notebook \u00e9 feita toda em croch\u00ea com fio de malha reciclado.<\/p>\n<p>Altura: 18cm &#8211; Comprimento: 13cm &#8211; Profundidade: 1cm &#8211; Al\u00e7a 77cm<\/p>\n","protected":false},"excerpt":{"rendered":"<p>Nossa bolsa porta notebook \u00e9 feita toda em croch\u00ea com fio de malha reciclado. Altura: 18cm &#8211; Comprimento: 13cm &#8211; Profundidade: 1cm &#8211; Al\u00e7a 77cm<\/p>\n","protected":false},"featured_media":744,"comment_status":"open","ping_status":"closed","template":"","meta":{"neve_meta_sidebar":"","neve_meta_container":"","neve_meta_enable_content_width":"off","neve_meta_content_width":100,"neve_meta_title_alignment":"","neve_meta_author_avatar":"","neve_post_elements_order":"","neve_meta_disable_header":"","neve_meta_disable_footer":"","neve_meta_disable_title":"","neve_meta_reading_time":"","_themeisle_gutenberg_block_has_review":false},"product_brand":[],"product_cat":[19,43],"product_tag":[58,57,59,60],"class_list":{"0":"post-453","1":"product","2":"type-product","3":"status-publish","4":"has-post-thumbnail","6":"product_cat-bolsas","7":"product_cat-duo-de-cores","8":"product_tag-bolsa","9":"product_tag-croche","10":"product_tag-moda-sustentavel","11":"product_tag-slow-fashion","13":"first","14":"instock","15":"shipping-taxable","16":"purchasable","17":"product-type-variable"},"_links":{"self":[{"href":"https:\/\/projetocasademaria.com\/index.php\/wp-json\/wp\/v2\/product\/453","targetHints":{"allow":["GET"]}}],"collection":[{"href":"https:\/\/projetocasademaria.com\/index.php\/wp-json\/wp\/v2\/product"}],"about":[{"href":"https:\/\/projetocasademaria.com\/index.php\/wp-json\/wp\/v2\/types\/product"}],"replies":[{"embeddable":true,"href":"https:\/\/projetocasademaria.com\/index.php\/wp-json\/wp\/v2\/comments?post=453"}],"wp:featuredmedia":[{"embeddable":true,"href":"https:\/\/projetocasademaria.com\/index.php\/wp-json\/wp\/v2\/media\/744"}],"wp:attachment":[{"href":"https:\/\/projetocasademaria.com\/index.php\/wp-json\/wp\/v2\/media?parent=453"}],"wp:term":[{"taxonomy":"product_brand","embeddable":true,"href":"https:\/\/projetocasademaria.com\/index.php\/wp-json\/wp\/v2\/product_brand?post=453"},{"taxonomy":"product_cat","embeddable":true,"href":"https:\/\/projetocasademaria.com\/index.php\/wp-json\/wp\/v2\/product_cat?post=453"},{"taxonomy":"product_tag","embeddable":true,"href":"https:\/\/projetocasademaria.com\/index.php\/wp-json\/wp\/v2\/product_tag?post=453"}],"curies":[{"name":"wp","href":"https:\/\/api.w.org\/{rel}","templated":true}]}}