{"id":451,"date":"2023-09-04T12:42:41","date_gmt":"2023-09-04T15:42:41","guid":{"rendered":"https:\/\/projetocasademaria.com\/?post_type=product&#038;p=451"},"modified":"2025-03-27T11:12:31","modified_gmt":"2025-03-27T14:12:31","slug":"bolsa-tassia","status":"publish","type":"product","link":"https:\/\/projetocasademaria.com\/index.php\/product\/bolsa-tassia\/","title":{"rendered":"Bolsa Tassia"},"content":{"rendered":"<p>Uma bolsa cheia de estilo \u00e9 a T\u00e1ssia. Ela possui um formato saco \u00f3timo para compor um look mais descontra\u00eddo e levar tudo que tem direito dentro dela. A T\u00e1ssia \u00e9 toda em <strong>croch\u00ea<\/strong> e faz parte da nossa cole\u00e7\u00e3o <strong>Duo de Cores<\/strong> criada pela designer pernambucana Gisela Moraes.<\/p>\n<p>Altura: 39cm \u2013 Comprimento: 42cm \u2013 Al\u00e7a: 55cm.<\/p>\n","protected":false},"excerpt":{"rendered":"<p>Uma bolsa cheia de estilo \u00e9 a T\u00e1ssia. Ela possui um formato saco \u00f3timo para compor um look mais descontra\u00eddo e levar tudo que tem direito dentro dela. A T\u00e1ssia \u00e9 toda em croch\u00ea e faz parte da nossa cole\u00e7\u00e3o Duo de Cores criada pela designer pernambucana Gisela Moraes. Altura: 39cm \u2013 Comprimento: 42cm \u2013&hellip;&nbsp;<a href=\"https:\/\/projetocasademaria.com\/index.php\/product\/bolsa-tassia\/\" class=\"\" rel=\"bookmark\">Continue a ler &raquo;<span class=\"screen-reader-text\">Bolsa Tassia<\/span><\/a><\/p>\n","protected":false},"featured_media":999,"comment_status":"open","ping_status":"closed","template":"","meta":{"neve_meta_sidebar":"","neve_meta_container":"","neve_meta_enable_content_width":"off","neve_meta_content_width":100,"neve_meta_title_alignment":"","neve_meta_author_avatar":"","neve_post_elements_order":"","neve_meta_disable_header":"","neve_meta_disable_footer":"","neve_meta_disable_title":"","neve_meta_reading_time":"","_themeisle_gutenberg_block_has_review":false},"product_brand":[],"product_cat":[19,55,43,30],"product_tag":[58,57,59,60],"class_list":{"0":"post-451","1":"product","2":"type-product","3":"status-publish","4":"has-post-thumbnail","6":"product_cat-bolsas","7":"product_cat-croche","8":"product_cat-duo-de-cores","9":"product_cat-sale","10":"product_tag-bolsa","11":"product_tag-croche","12":"product_tag-moda-sustentavel","13":"product_tag-slow-fashion","15":"first","16":"instock","17":"sale","18":"shipping-taxable","19":"purchasable","20":"product-type-variable"},"_links":{"self":[{"href":"https:\/\/projetocasademaria.com\/index.php\/wp-json\/wp\/v2\/product\/451","targetHints":{"allow":["GET"]}}],"collection":[{"href":"https:\/\/projetocasademaria.com\/index.php\/wp-json\/wp\/v2\/product"}],"about":[{"href":"https:\/\/projetocasademaria.com\/index.php\/wp-json\/wp\/v2\/types\/product"}],"replies":[{"embeddable":true,"href":"https:\/\/projetocasademaria.com\/index.php\/wp-json\/wp\/v2\/comments?post=451"}],"wp:featuredmedia":[{"embeddable":true,"href":"https:\/\/projetocasademaria.com\/index.php\/wp-json\/wp\/v2\/media\/999"}],"wp:attachment":[{"href":"https:\/\/projetocasademaria.com\/index.php\/wp-json\/wp\/v2\/media?parent=451"}],"wp:term":[{"taxonomy":"product_brand","embeddable":true,"href":"https:\/\/projetocasademaria.com\/index.php\/wp-json\/wp\/v2\/product_brand?post=451"},{"taxonomy":"product_cat","embeddable":true,"href":"https:\/\/projetocasademaria.com\/index.php\/wp-json\/wp\/v2\/product_cat?post=451"},{"taxonomy":"product_tag","embeddable":true,"href":"https:\/\/projetocasademaria.com\/index.php\/wp-json\/wp\/v2\/product_tag?post=451"}],"curies":[{"name":"wp","href":"https:\/\/api.w.org\/{rel}","templated":true}]}}