{"id":450,"date":"2023-09-04T12:42:22","date_gmt":"2023-09-04T15:42:22","guid":{"rendered":"https:\/\/projetocasademaria.com\/?post_type=product&#038;p=450"},"modified":"2025-03-25T10:23:25","modified_gmt":"2025-03-25T13:23:25","slug":"bolsa-fredda","status":"publish","type":"product","link":"https:\/\/projetocasademaria.com\/index.php\/product\/bolsa-fredda\/","title":{"rendered":"Bolsa Freda"},"content":{"rendered":"<p>A bolsa Freda esbanja eleg\u00e2ncia! Comp\u00f5e nossa cole\u00e7\u00e3o <strong>Duo de Cores<\/strong> criada pela designer <strong>Gisela Moraes<\/strong>. Ela \u00e9 feita toda em <strong>macram\u00ea<\/strong>, possui <strong>forro<\/strong> com dois bolsos e bot\u00e3o de im\u00e3.<\/p>\n<p>Altura: 28cm &#8211; Comprimento: 32cm &#8211; Profundidade: 10cm &#8211; Al\u00e7a: 77cm.<\/p>\n","protected":false},"excerpt":{"rendered":"<p>A bolsa Freda esbanja eleg\u00e2ncia! Comp\u00f5e nossa cole\u00e7\u00e3o Duo de Cores criada pela designer Gisela Moraes. Ela \u00e9 feita toda em macram\u00ea, possui forro com dois bolsos e bot\u00e3o de im\u00e3. Altura: 28cm &#8211; Comprimento: 32cm &#8211; Profundidade: 10cm &#8211; Al\u00e7a: 77cm.<\/p>\n","protected":false},"featured_media":991,"comment_status":"open","ping_status":"closed","template":"","meta":{"neve_meta_sidebar":"","neve_meta_container":"","neve_meta_enable_content_width":"off","neve_meta_content_width":100,"neve_meta_title_alignment":"","neve_meta_author_avatar":"","neve_post_elements_order":"","neve_meta_disable_header":"","neve_meta_disable_footer":"","neve_meta_disable_title":"","neve_meta_reading_time":"","_themeisle_gutenberg_block_has_review":false},"product_brand":[],"product_cat":[19,43,54],"product_tag":[58,98,59,60],"class_list":{"0":"post-450","1":"product","2":"type-product","3":"status-publish","4":"has-post-thumbnail","6":"product_cat-bolsas","7":"product_cat-duo-de-cores","8":"product_cat-macrame","9":"product_tag-bolsa","10":"product_tag-macrame","11":"product_tag-moda-sustentavel","12":"product_tag-slow-fashion","14":"first","15":"instock","16":"shipping-taxable","17":"purchasable","18":"product-type-variable"},"_links":{"self":[{"href":"https:\/\/projetocasademaria.com\/index.php\/wp-json\/wp\/v2\/product\/450","targetHints":{"allow":["GET"]}}],"collection":[{"href":"https:\/\/projetocasademaria.com\/index.php\/wp-json\/wp\/v2\/product"}],"about":[{"href":"https:\/\/projetocasademaria.com\/index.php\/wp-json\/wp\/v2\/types\/product"}],"replies":[{"embeddable":true,"href":"https:\/\/projetocasademaria.com\/index.php\/wp-json\/wp\/v2\/comments?post=450"}],"wp:featuredmedia":[{"embeddable":true,"href":"https:\/\/projetocasademaria.com\/index.php\/wp-json\/wp\/v2\/media\/991"}],"wp:attachment":[{"href":"https:\/\/projetocasademaria.com\/index.php\/wp-json\/wp\/v2\/media?parent=450"}],"wp:term":[{"taxonomy":"product_brand","embeddable":true,"href":"https:\/\/projetocasademaria.com\/index.php\/wp-json\/wp\/v2\/product_brand?post=450"},{"taxonomy":"product_cat","embeddable":true,"href":"https:\/\/projetocasademaria.com\/index.php\/wp-json\/wp\/v2\/product_cat?post=450"},{"taxonomy":"product_tag","embeddable":true,"href":"https:\/\/projetocasademaria.com\/index.php\/wp-json\/wp\/v2\/product_tag?post=450"}],"curies":[{"name":"wp","href":"https:\/\/api.w.org\/{rel}","templated":true}]}}