{"id":449,"date":"2023-09-04T12:42:01","date_gmt":"2023-09-04T15:42:01","guid":{"rendered":"https:\/\/projetocasademaria.com\/?post_type=product&#038;p=449"},"modified":"2025-12-03T19:40:10","modified_gmt":"2025-12-03T22:40:10","slug":"bolsa-cecilia","status":"publish","type":"product","link":"https:\/\/projetocasademaria.com\/index.php\/product\/bolsa-cecilia\/","title":{"rendered":"Bolsa Cec\u00edlia"},"content":{"rendered":"<p>A bolsa Cec\u00edlia \u00e9 um encanto, uma obra de arte! Inspirada no movimento armorial, ela foi imaginada pela designer M\u00e1rcia Kemp, que utilizou a t\u00e9cnica do renomado S\u00e9rgio Matos para a sua cria\u00e7\u00e3o. Seu tran\u00e7ado \u00e9 feito com junco e linha sint\u00e9ticos e ela possui forro interno. Ela integra nossa cole\u00e7\u00e3o Bailado de Cores.<\/p>\n<p>Altura: 32cm &#8211; Comprimento: 32cm &#8211; Profundidade: 8cm &#8211; Al\u00e7a: 104cm.<\/p>\n","protected":false},"excerpt":{"rendered":"<p>A bolsa Cec\u00edlia \u00e9 um encanto, uma obra de arte! Inspirada no movimento armorial, ela foi imaginada pela designer M\u00e1rcia Kemp, que utilizou a t\u00e9cnica do renomado S\u00e9rgio Matos para a sua cria\u00e7\u00e3o. Seu tran\u00e7ado \u00e9 feito com junco e linha sint\u00e9ticos e ela possui forro interno. Ela integra nossa cole\u00e7\u00e3o Bailado de Cores. Altura:&hellip;&nbsp;<a href=\"https:\/\/projetocasademaria.com\/index.php\/product\/bolsa-cecilia\/\" class=\"\" rel=\"bookmark\">Continue a ler &raquo;<span class=\"screen-reader-text\">Bolsa Cec\u00edlia<\/span><\/a><\/p>\n","protected":false},"featured_media":581,"comment_status":"open","ping_status":"closed","template":"","meta":{"neve_meta_sidebar":"","neve_meta_container":"","neve_meta_enable_content_width":"off","neve_meta_content_width":100,"neve_meta_title_alignment":"","neve_meta_author_avatar":"","neve_post_elements_order":"","neve_meta_disable_header":"","neve_meta_disable_footer":"","neve_meta_disable_title":"","neve_meta_reading_time":"","_themeisle_gutenberg_block_has_review":false},"product_brand":[],"product_cat":[45,19,56],"product_tag":[58,59,66],"class_list":{"0":"post-449","1":"product","2":"type-product","3":"status-publish","4":"has-post-thumbnail","6":"product_cat-bailado-de-cores","7":"product_cat-bolsas","8":"product_cat-sergio-matos","9":"product_tag-bolsa","10":"product_tag-moda-sustentavel","11":"product_tag-sergio-matos","13":"first","14":"instock","15":"shipping-taxable","16":"purchasable","17":"product-type-variable"},"_links":{"self":[{"href":"https:\/\/projetocasademaria.com\/index.php\/wp-json\/wp\/v2\/product\/449","targetHints":{"allow":["GET"]}}],"collection":[{"href":"https:\/\/projetocasademaria.com\/index.php\/wp-json\/wp\/v2\/product"}],"about":[{"href":"https:\/\/projetocasademaria.com\/index.php\/wp-json\/wp\/v2\/types\/product"}],"replies":[{"embeddable":true,"href":"https:\/\/projetocasademaria.com\/index.php\/wp-json\/wp\/v2\/comments?post=449"}],"wp:featuredmedia":[{"embeddable":true,"href":"https:\/\/projetocasademaria.com\/index.php\/wp-json\/wp\/v2\/media\/581"}],"wp:attachment":[{"href":"https:\/\/projetocasademaria.com\/index.php\/wp-json\/wp\/v2\/media?parent=449"}],"wp:term":[{"taxonomy":"product_brand","embeddable":true,"href":"https:\/\/projetocasademaria.com\/index.php\/wp-json\/wp\/v2\/product_brand?post=449"},{"taxonomy":"product_cat","embeddable":true,"href":"https:\/\/projetocasademaria.com\/index.php\/wp-json\/wp\/v2\/product_cat?post=449"},{"taxonomy":"product_tag","embeddable":true,"href":"https:\/\/projetocasademaria.com\/index.php\/wp-json\/wp\/v2\/product_tag?post=449"}],"curies":[{"name":"wp","href":"https:\/\/api.w.org\/{rel}","templated":true}]}}