{"id":448,"date":"2023-09-04T12:41:47","date_gmt":"2023-09-04T15:41:47","guid":{"rendered":"https:\/\/projetocasademaria.com\/?post_type=product&#038;p=448"},"modified":"2025-02-27T16:28:35","modified_gmt":"2025-02-27T19:28:35","slug":"bolsa-rose","status":"publish","type":"product","link":"https:\/\/projetocasademaria.com\/index.php\/product\/bolsa-rose\/","title":{"rendered":"Bolsa Rose"},"content":{"rendered":"<p>A bolsa Rose \u00e9 a cara do ver\u00e3o! S\u00f3 de olhar para ela j\u00e1 nos imaginamos na praia tomando aquela \u00e1gua de coco geladinha. Ela \u00e9 feita com duas t\u00e9cnicas artesanais, o croch\u00ea e a palha, e faz parte da nossa cole\u00e7\u00e3o duo de cores criada pela designer pernambucana Gisela Moraes.<\/p>\n<p>Altura: 20cm &#8211; Comprimento: 21cm &#8211; Profundidade: 17cm &#8211; Al\u00e7a: 65cm.<\/p>\n","protected":false},"excerpt":{"rendered":"<p>A bolsa Rose \u00e9 a cara do ver\u00e3o! S\u00f3 de olhar para ela j\u00e1 nos imaginamos na praia tomando aquela \u00e1gua de coco geladinha. Ela \u00e9 feita com duas t\u00e9cnicas artesanais, o croch\u00ea e a palha, e faz parte da nossa cole\u00e7\u00e3o duo de cores criada pela designer pernambucana Gisela Moraes. Altura: 20cm &#8211; Comprimento:&hellip;&nbsp;<a href=\"https:\/\/projetocasademaria.com\/index.php\/product\/bolsa-rose\/\" class=\"\" rel=\"bookmark\">Continue a ler &raquo;<span class=\"screen-reader-text\">Bolsa Rose<\/span><\/a><\/p>\n","protected":false},"featured_media":743,"comment_status":"open","ping_status":"closed","template":"","meta":{"neve_meta_sidebar":"","neve_meta_container":"","neve_meta_enable_content_width":"off","neve_meta_content_width":100,"neve_meta_title_alignment":"","neve_meta_author_avatar":"","neve_post_elements_order":"","neve_meta_disable_header":"","neve_meta_disable_footer":"","neve_meta_disable_title":"","neve_meta_reading_time":"","_themeisle_gutenberg_block_has_review":false},"product_brand":[],"product_cat":[19,55,43],"product_tag":[58,57,59,60],"class_list":{"0":"post-448","1":"product","2":"type-product","3":"status-publish","4":"has-post-thumbnail","6":"product_cat-bolsas","7":"product_cat-croche","8":"product_cat-duo-de-cores","9":"product_tag-bolsa","10":"product_tag-croche","11":"product_tag-moda-sustentavel","12":"product_tag-slow-fashion","14":"first","15":"instock","16":"sale","17":"shipping-taxable","18":"purchasable","19":"product-type-variable"},"_links":{"self":[{"href":"https:\/\/projetocasademaria.com\/index.php\/wp-json\/wp\/v2\/product\/448","targetHints":{"allow":["GET"]}}],"collection":[{"href":"https:\/\/projetocasademaria.com\/index.php\/wp-json\/wp\/v2\/product"}],"about":[{"href":"https:\/\/projetocasademaria.com\/index.php\/wp-json\/wp\/v2\/types\/product"}],"replies":[{"embeddable":true,"href":"https:\/\/projetocasademaria.com\/index.php\/wp-json\/wp\/v2\/comments?post=448"}],"wp:featuredmedia":[{"embeddable":true,"href":"https:\/\/projetocasademaria.com\/index.php\/wp-json\/wp\/v2\/media\/743"}],"wp:attachment":[{"href":"https:\/\/projetocasademaria.com\/index.php\/wp-json\/wp\/v2\/media?parent=448"}],"wp:term":[{"taxonomy":"product_brand","embeddable":true,"href":"https:\/\/projetocasademaria.com\/index.php\/wp-json\/wp\/v2\/product_brand?post=448"},{"taxonomy":"product_cat","embeddable":true,"href":"https:\/\/projetocasademaria.com\/index.php\/wp-json\/wp\/v2\/product_cat?post=448"},{"taxonomy":"product_tag","embeddable":true,"href":"https:\/\/projetocasademaria.com\/index.php\/wp-json\/wp\/v2\/product_tag?post=448"}],"curies":[{"name":"wp","href":"https:\/\/api.w.org\/{rel}","templated":true}]}}