{"id":447,"date":"2023-09-04T12:41:13","date_gmt":"2023-09-04T15:41:13","guid":{"rendered":"https:\/\/projetocasademaria.com\/?post_type=product&#038;p=447"},"modified":"2025-03-27T12:14:00","modified_gmt":"2025-03-27T15:14:00","slug":"bolsa-edilza-ii","status":"publish","type":"product","link":"https:\/\/projetocasademaria.com\/index.php\/product\/bolsa-edilza-ii\/","title":{"rendered":"Bolsa Edilza II"},"content":{"rendered":"<p>Gostamos tanto da Bolsa Edilza que fizemos uma varia\u00e7\u00e3o sua s\u00f3 que com al\u00e7a de macram\u00ea. A bolsa Edilza II tamb\u00e9m \u00e9 feita de tecelagem com jornal impermeabilizado, mas recebe um diferencial que \u00e9 a al\u00e7a em macram\u00ea.<\/p>\n<p>Altura: 24cm \u2013 Comprimento: 30cm \u2013 Profundidade: 15cm \u2013 Al\u00e7a: 58cm.<\/p>\n","protected":false},"excerpt":{"rendered":"<p>Gostamos tanto da Bolsa Edilza que fizemos uma varia\u00e7\u00e3o sua s\u00f3 que com al\u00e7a de macram\u00ea. A bolsa Edilza II tamb\u00e9m \u00e9 feita de tecelagem com jornal impermeabilizado, mas recebe um diferencial que \u00e9 a al\u00e7a em macram\u00ea. Altura: 24cm \u2013 Comprimento: 30cm \u2013 Profundidade: 15cm \u2013 Al\u00e7a: 58cm.<\/p>\n","protected":false},"featured_media":740,"comment_status":"open","ping_status":"closed","template":"","meta":{"neve_meta_sidebar":"","neve_meta_container":"","neve_meta_enable_content_width":"off","neve_meta_content_width":100,"neve_meta_title_alignment":"","neve_meta_author_avatar":"","neve_post_elements_order":"","neve_meta_disable_header":"","neve_meta_disable_footer":"","neve_meta_disable_title":"","neve_meta_reading_time":"","_themeisle_gutenberg_block_has_review":false},"product_brand":[],"product_cat":[19,43,54,53],"product_tag":[58,59,60],"class_list":{"0":"post-447","1":"product","2":"type-product","3":"status-publish","4":"has-post-thumbnail","6":"product_cat-bolsas","7":"product_cat-duo-de-cores","8":"product_cat-macrame","9":"product_cat-tecelagem","10":"product_tag-bolsa","11":"product_tag-moda-sustentavel","12":"product_tag-slow-fashion","14":"first","15":"instock","16":"shipping-taxable","17":"purchasable","18":"product-type-variable"},"_links":{"self":[{"href":"https:\/\/projetocasademaria.com\/index.php\/wp-json\/wp\/v2\/product\/447","targetHints":{"allow":["GET"]}}],"collection":[{"href":"https:\/\/projetocasademaria.com\/index.php\/wp-json\/wp\/v2\/product"}],"about":[{"href":"https:\/\/projetocasademaria.com\/index.php\/wp-json\/wp\/v2\/types\/product"}],"replies":[{"embeddable":true,"href":"https:\/\/projetocasademaria.com\/index.php\/wp-json\/wp\/v2\/comments?post=447"}],"wp:featuredmedia":[{"embeddable":true,"href":"https:\/\/projetocasademaria.com\/index.php\/wp-json\/wp\/v2\/media\/740"}],"wp:attachment":[{"href":"https:\/\/projetocasademaria.com\/index.php\/wp-json\/wp\/v2\/media?parent=447"}],"wp:term":[{"taxonomy":"product_brand","embeddable":true,"href":"https:\/\/projetocasademaria.com\/index.php\/wp-json\/wp\/v2\/product_brand?post=447"},{"taxonomy":"product_cat","embeddable":true,"href":"https:\/\/projetocasademaria.com\/index.php\/wp-json\/wp\/v2\/product_cat?post=447"},{"taxonomy":"product_tag","embeddable":true,"href":"https:\/\/projetocasademaria.com\/index.php\/wp-json\/wp\/v2\/product_tag?post=447"}],"curies":[{"name":"wp","href":"https:\/\/api.w.org\/{rel}","templated":true}]}}