{"id":446,"date":"2023-09-04T12:40:48","date_gmt":"2023-09-04T15:40:48","guid":{"rendered":"https:\/\/projetocasademaria.com\/?post_type=product&#038;p=446"},"modified":"2025-02-27T11:03:13","modified_gmt":"2025-02-27T14:03:13","slug":"bolsa-edilza","status":"publish","type":"product","link":"https:\/\/projetocasademaria.com\/index.php\/product\/bolsa-edilza\/","title":{"rendered":"Bolsa Edilza"},"content":{"rendered":"<p>A bolsa Edilza consegue ser cl\u00e1ssica e irreverente ao mesmo tempo, pois apesar de parecer uma bolsa de palha, ela na verdade \u00e9 feita com jornal! Pois \u00e9, a t\u00e9cnica utilizada na sua produ\u00e7\u00e3o \u00e9 a tecelagem com jornal em que ap\u00f3s feita a trama, a bolsa \u00e9 pintada e depois impermeabilizada (sim, pode molhar). Ela faz parte da nossa cole\u00e7\u00e3o Duo de Cores criada pela designer pernambucana Gisela Moraes.<\/p>\n<p>Altura: 24cm \u2013 Comprimento: 30cm \u2013 Profundidade: 15cm &#8211; Al\u00e7a: 35cm.<\/p>\n","protected":false},"excerpt":{"rendered":"<p>A bolsa Edilza consegue ser cl\u00e1ssica e irreverente ao mesmo tempo, pois apesar de parecer uma bolsa de palha, ela na verdade \u00e9 feita com jornal! Pois \u00e9, a t\u00e9cnica utilizada na sua produ\u00e7\u00e3o \u00e9 a tecelagem com jornal em que ap\u00f3s feita a trama, a bolsa \u00e9 pintada e depois impermeabilizada (sim, pode molhar).&hellip;&nbsp;<a href=\"https:\/\/projetocasademaria.com\/index.php\/product\/bolsa-edilza\/\" class=\"\" rel=\"bookmark\">Continue a ler &raquo;<span class=\"screen-reader-text\">Bolsa Edilza<\/span><\/a><\/p>\n","protected":false},"featured_media":559,"comment_status":"open","ping_status":"closed","template":"","meta":{"neve_meta_sidebar":"","neve_meta_container":"","neve_meta_enable_content_width":"off","neve_meta_content_width":100,"neve_meta_title_alignment":"","neve_meta_author_avatar":"","neve_post_elements_order":"","neve_meta_disable_header":"","neve_meta_disable_footer":"","neve_meta_disable_title":"","neve_meta_reading_time":"","_themeisle_gutenberg_block_has_review":false},"product_brand":[],"product_cat":[19,43,53],"product_tag":[58,59,60],"class_list":{"0":"post-446","1":"product","2":"type-product","3":"status-publish","4":"has-post-thumbnail","6":"product_cat-bolsas","7":"product_cat-duo-de-cores","8":"product_cat-tecelagem","9":"product_tag-bolsa","10":"product_tag-moda-sustentavel","11":"product_tag-slow-fashion","13":"first","14":"instock","15":"shipping-taxable","16":"purchasable","17":"product-type-variable"},"_links":{"self":[{"href":"https:\/\/projetocasademaria.com\/index.php\/wp-json\/wp\/v2\/product\/446","targetHints":{"allow":["GET"]}}],"collection":[{"href":"https:\/\/projetocasademaria.com\/index.php\/wp-json\/wp\/v2\/product"}],"about":[{"href":"https:\/\/projetocasademaria.com\/index.php\/wp-json\/wp\/v2\/types\/product"}],"replies":[{"embeddable":true,"href":"https:\/\/projetocasademaria.com\/index.php\/wp-json\/wp\/v2\/comments?post=446"}],"wp:featuredmedia":[{"embeddable":true,"href":"https:\/\/projetocasademaria.com\/index.php\/wp-json\/wp\/v2\/media\/559"}],"wp:attachment":[{"href":"https:\/\/projetocasademaria.com\/index.php\/wp-json\/wp\/v2\/media?parent=446"}],"wp:term":[{"taxonomy":"product_brand","embeddable":true,"href":"https:\/\/projetocasademaria.com\/index.php\/wp-json\/wp\/v2\/product_brand?post=446"},{"taxonomy":"product_cat","embeddable":true,"href":"https:\/\/projetocasademaria.com\/index.php\/wp-json\/wp\/v2\/product_cat?post=446"},{"taxonomy":"product_tag","embeddable":true,"href":"https:\/\/projetocasademaria.com\/index.php\/wp-json\/wp\/v2\/product_tag?post=446"}],"curies":[{"name":"wp","href":"https:\/\/api.w.org\/{rel}","templated":true}]}}