{"id":410,"date":"2023-09-02T00:36:21","date_gmt":"2023-09-02T03:36:21","guid":{"rendered":"https:\/\/projetocasademaria.com\/?post_type=product&#038;p=410"},"modified":"2025-04-11T11:46:49","modified_gmt":"2025-04-11T14:46:49","slug":"bolsa-ana-emilia","status":"publish","type":"product","link":"https:\/\/projetocasademaria.com\/index.php\/product\/bolsa-ana-emilia\/","title":{"rendered":"Bolsa Ana Em\u00edlia"},"content":{"rendered":"<p>Integrante da nossa cole\u00e7\u00e3o Duo de Cores, criada pela designer pernambucana Gisela Moraes. \u00c9 uma bolsa irreverente que homenageia nossa professora Ana Em\u00edlia. \u00c9 composta por duas t\u00e9cnicas manuais na sua produ\u00e7\u00e3o: macram\u00ea e tecelagem. Sua base \u00e9 feita tecelagem de jornal ( impermeabilizado), j\u00e1 seu corpo e sua al\u00e7a s\u00e3o feitos em macram\u00ea e na al\u00e7a h\u00e1 um revestimento em couro no local de segurar.<\/p>\n<p>Altura: 27cm &#8211; Comprimento: 20cm &#8211; Profundidade: 20cm &#8211; Al\u00e7a: 68cm.<\/p>\n","protected":false},"excerpt":{"rendered":"<p>Integrante da nossa cole\u00e7\u00e3o Duo de Cores, criada pela designer pernambucana Gisela Moraes. \u00c9 uma bolsa irreverente que homenageia nossa professora Ana Em\u00edlia. \u00c9 composta por duas t\u00e9cnicas manuais na sua produ\u00e7\u00e3o: macram\u00ea e tecelagem. Sua base \u00e9 feita tecelagem de jornal ( impermeabilizado), j\u00e1 seu corpo e sua al\u00e7a s\u00e3o feitos em macram\u00ea e&hellip;&nbsp;<a href=\"https:\/\/projetocasademaria.com\/index.php\/product\/bolsa-ana-emilia\/\" class=\"\" rel=\"bookmark\">Continue a ler &raquo;<span class=\"screen-reader-text\">Bolsa Ana Em\u00edlia<\/span><\/a><\/p>\n","protected":false},"featured_media":787,"comment_status":"open","ping_status":"closed","template":"","meta":{"neve_meta_sidebar":"","neve_meta_container":"","neve_meta_enable_content_width":"off","neve_meta_content_width":100,"neve_meta_title_alignment":"","neve_meta_author_avatar":"","neve_post_elements_order":"","neve_meta_disable_header":"","neve_meta_disable_footer":"","neve_meta_disable_title":"","neve_meta_reading_time":"","_themeisle_gutenberg_block_has_review":false},"product_brand":[],"product_cat":[19,43,54,30,53],"product_tag":[58,57,59,60],"class_list":{"0":"post-410","1":"product","2":"type-product","3":"status-publish","4":"has-post-thumbnail","6":"product_cat-bolsas","7":"product_cat-duo-de-cores","8":"product_cat-macrame","9":"product_cat-sale","10":"product_cat-tecelagem","11":"product_tag-bolsa","12":"product_tag-croche","13":"product_tag-moda-sustentavel","14":"product_tag-slow-fashion","16":"first","17":"instock","18":"sale","19":"shipping-taxable","20":"purchasable","21":"product-type-variable"},"_links":{"self":[{"href":"https:\/\/projetocasademaria.com\/index.php\/wp-json\/wp\/v2\/product\/410","targetHints":{"allow":["GET"]}}],"collection":[{"href":"https:\/\/projetocasademaria.com\/index.php\/wp-json\/wp\/v2\/product"}],"about":[{"href":"https:\/\/projetocasademaria.com\/index.php\/wp-json\/wp\/v2\/types\/product"}],"replies":[{"embeddable":true,"href":"https:\/\/projetocasademaria.com\/index.php\/wp-json\/wp\/v2\/comments?post=410"}],"wp:featuredmedia":[{"embeddable":true,"href":"https:\/\/projetocasademaria.com\/index.php\/wp-json\/wp\/v2\/media\/787"}],"wp:attachment":[{"href":"https:\/\/projetocasademaria.com\/index.php\/wp-json\/wp\/v2\/media?parent=410"}],"wp:term":[{"taxonomy":"product_brand","embeddable":true,"href":"https:\/\/projetocasademaria.com\/index.php\/wp-json\/wp\/v2\/product_brand?post=410"},{"taxonomy":"product_cat","embeddable":true,"href":"https:\/\/projetocasademaria.com\/index.php\/wp-json\/wp\/v2\/product_cat?post=410"},{"taxonomy":"product_tag","embeddable":true,"href":"https:\/\/projetocasademaria.com\/index.php\/wp-json\/wp\/v2\/product_tag?post=410"}],"curies":[{"name":"wp","href":"https:\/\/api.w.org\/{rel}","templated":true}]}}