{"id":318,"date":"2023-09-02T00:25:00","date_gmt":"2023-09-02T03:25:00","guid":{"rendered":"https:\/\/projetocasademaria.com\/?post_type=product&#038;p=318"},"modified":"2025-02-27T10:57:28","modified_gmt":"2025-02-27T13:57:28","slug":"bolsa-carla-machado","status":"publish","type":"product","link":"https:\/\/projetocasademaria.com\/index.php\/product\/bolsa-carla-machado\/","title":{"rendered":"Bolsa Carla Machado"},"content":{"rendered":"<p>Essa bolsa \u00e9 t\u00e3o charmosa que nem o Instituto C&amp;A resistiu, acredita?! Pois \u00e9, em <strong>2023<\/strong> a nossa bolsa Carla Machado foi <strong>selecionada<\/strong> pela <strong>curadoria<\/strong> do <strong>Instituto C&amp;A<\/strong> em parceria com a <strong>Nordestesse<\/strong> para participar do <strong>#NossoEncontro2023<\/strong>. Pense num arraso! Ela faz parte da <strong>cole\u00e7\u00e3o Duo de Cores<\/strong> criada pela designer pernambucana <strong>Gisela Moraes<\/strong> e tem duas t\u00e9cnicas artesanais envolvidas no processo: <strong>tecelagem<\/strong> e <strong>croch\u00ea<\/strong>. A <strong>base<\/strong> da bolsa \u00e9 feita toda em <strong>jornal<\/strong>, o qual \u00e9 pintado e recebe um verniz n\u00e1utico para impermeabilizar (sim, <strong>pode molhar<\/strong>!). J\u00e1 o <strong>corpo<\/strong> e a <strong>al\u00e7a<\/strong> s\u00e3o feitos em <strong>croch\u00ea<\/strong>.<\/p>\n<p>Altura: 22cm &#8211; Comprimento: 20cm &#8211; Profundidade: 13cm &#8211; Al\u00e7a: 52cm.<\/p>\n","protected":false},"excerpt":{"rendered":"<p>Essa bolsa \u00e9 t\u00e3o charmosa que nem o Instituto C&amp;A resistiu, acredita?! Pois \u00e9, em 2023 a nossa bolsa Carla Machado foi selecionada pela curadoria do Instituto C&amp;A em parceria com a Nordestesse para participar do #NossoEncontro2023. Pense num arraso! Ela faz parte da cole\u00e7\u00e3o Duo de Cores criada pela designer pernambucana Gisela Moraes e&hellip;&nbsp;<a href=\"https:\/\/projetocasademaria.com\/index.php\/product\/bolsa-carla-machado\/\" class=\"\" rel=\"bookmark\">Continue a ler &raquo;<span class=\"screen-reader-text\">Bolsa Carla Machado<\/span><\/a><\/p>\n","protected":false},"featured_media":792,"comment_status":"open","ping_status":"closed","template":"","meta":{"neve_meta_sidebar":"","neve_meta_container":"","neve_meta_enable_content_width":"off","neve_meta_content_width":100,"neve_meta_title_alignment":"","neve_meta_author_avatar":"","neve_post_elements_order":"","neve_meta_disable_header":"","neve_meta_disable_footer":"","neve_meta_disable_title":"","neve_meta_reading_time":"","_themeisle_gutenberg_block_has_review":false},"product_brand":[],"product_cat":[19,55,43,53],"product_tag":[58,57,59,60],"class_list":{"0":"post-318","1":"product","2":"type-product","3":"status-publish","4":"has-post-thumbnail","6":"product_cat-bolsas","7":"product_cat-croche","8":"product_cat-duo-de-cores","9":"product_cat-tecelagem","10":"product_tag-bolsa","11":"product_tag-croche","12":"product_tag-moda-sustentavel","13":"product_tag-slow-fashion","15":"first","16":"instock","17":"shipping-taxable","18":"purchasable","19":"product-type-variable"},"_links":{"self":[{"href":"https:\/\/projetocasademaria.com\/index.php\/wp-json\/wp\/v2\/product\/318","targetHints":{"allow":["GET"]}}],"collection":[{"href":"https:\/\/projetocasademaria.com\/index.php\/wp-json\/wp\/v2\/product"}],"about":[{"href":"https:\/\/projetocasademaria.com\/index.php\/wp-json\/wp\/v2\/types\/product"}],"replies":[{"embeddable":true,"href":"https:\/\/projetocasademaria.com\/index.php\/wp-json\/wp\/v2\/comments?post=318"}],"wp:featuredmedia":[{"embeddable":true,"href":"https:\/\/projetocasademaria.com\/index.php\/wp-json\/wp\/v2\/media\/792"}],"wp:attachment":[{"href":"https:\/\/projetocasademaria.com\/index.php\/wp-json\/wp\/v2\/media?parent=318"}],"wp:term":[{"taxonomy":"product_brand","embeddable":true,"href":"https:\/\/projetocasademaria.com\/index.php\/wp-json\/wp\/v2\/product_brand?post=318"},{"taxonomy":"product_cat","embeddable":true,"href":"https:\/\/projetocasademaria.com\/index.php\/wp-json\/wp\/v2\/product_cat?post=318"},{"taxonomy":"product_tag","embeddable":true,"href":"https:\/\/projetocasademaria.com\/index.php\/wp-json\/wp\/v2\/product_tag?post=318"}],"curies":[{"name":"wp","href":"https:\/\/api.w.org\/{rel}","templated":true}]}}