{"id":301,"date":"2023-08-30T11:58:32","date_gmt":"2023-08-30T14:58:32","guid":{"rendered":"https:\/\/projetocasademaria.com\/?post_type=product&#038;p=301"},"modified":"2025-12-30T14:25:41","modified_gmt":"2025-12-30T17:25:41","slug":"sousplat-armorial-simples","status":"publish","type":"product","link":"https:\/\/projetocasademaria.com\/index.php\/product\/sousplat-armorial-simples\/","title":{"rendered":"Sousplat Armorial Simples"},"content":{"rendered":"<p>Inspirado no movimento\u00a0<strong>armorial\u00a0<\/strong>nosso sousplat foi cria\u00e7\u00e3o do designer <strong>S\u00e9rgio Matos\u00a0<\/strong>e integra a nossa cole\u00e7\u00e3o <strong>Bailado de Cores. <\/strong>Diferentemente do sousplat bordado, a trama desse \u00e9 menos complexa.\u00a0\u00c9 produzido com junco sint\u00e9tico e linha sint\u00e9tica. Para melhor conserva\u00e7\u00e3o e evitar desbotar evite a incid\u00eancia de luz direta.<\/p>\n<p>Di\u00e2metro: 42cm &#8211; Espessura: 0.7cm<\/p>\n","protected":false},"excerpt":{"rendered":"<p>Inspirado no movimento\u00a0armorial\u00a0nosso sousplat foi cria\u00e7\u00e3o do designer S\u00e9rgio Matos\u00a0e integra a nossa cole\u00e7\u00e3o Bailado de Cores. Diferentemente do sousplat bordado, a trama desse \u00e9 menos complexa.\u00a0\u00c9 produzido com junco sint\u00e9tico e linha sint\u00e9tica. Para melhor conserva\u00e7\u00e3o e evitar desbotar evite a incid\u00eancia de luz direta. Di\u00e2metro: 42cm &#8211; Espessura: 0.7cm<\/p>\n","protected":false},"featured_media":363,"comment_status":"open","ping_status":"closed","template":"","meta":{"neve_meta_sidebar":"","neve_meta_container":"","neve_meta_enable_content_width":"off","neve_meta_content_width":100,"neve_meta_title_alignment":"","neve_meta_author_avatar":"","neve_post_elements_order":"","neve_meta_disable_header":"","neve_meta_disable_footer":"","neve_meta_disable_title":"","neve_meta_reading_time":"","_themeisle_gutenberg_block_has_review":false},"product_brand":[],"product_cat":[45,20,56],"product_tag":[],"class_list":{"0":"post-301","1":"product","2":"type-product","3":"status-publish","4":"has-post-thumbnail","6":"product_cat-bailado-de-cores","7":"product_cat-casa","8":"product_cat-sergio-matos","10":"first","11":"instock","12":"shipping-taxable","13":"purchasable","14":"product-type-variable"},"_links":{"self":[{"href":"https:\/\/projetocasademaria.com\/index.php\/wp-json\/wp\/v2\/product\/301","targetHints":{"allow":["GET"]}}],"collection":[{"href":"https:\/\/projetocasademaria.com\/index.php\/wp-json\/wp\/v2\/product"}],"about":[{"href":"https:\/\/projetocasademaria.com\/index.php\/wp-json\/wp\/v2\/types\/product"}],"replies":[{"embeddable":true,"href":"https:\/\/projetocasademaria.com\/index.php\/wp-json\/wp\/v2\/comments?post=301"}],"wp:featuredmedia":[{"embeddable":true,"href":"https:\/\/projetocasademaria.com\/index.php\/wp-json\/wp\/v2\/media\/363"}],"wp:attachment":[{"href":"https:\/\/projetocasademaria.com\/index.php\/wp-json\/wp\/v2\/media?parent=301"}],"wp:term":[{"taxonomy":"product_brand","embeddable":true,"href":"https:\/\/projetocasademaria.com\/index.php\/wp-json\/wp\/v2\/product_brand?post=301"},{"taxonomy":"product_cat","embeddable":true,"href":"https:\/\/projetocasademaria.com\/index.php\/wp-json\/wp\/v2\/product_cat?post=301"},{"taxonomy":"product_tag","embeddable":true,"href":"https:\/\/projetocasademaria.com\/index.php\/wp-json\/wp\/v2\/product_tag?post=301"}],"curies":[{"name":"wp","href":"https:\/\/api.w.org\/{rel}","templated":true}]}}