{"id":1061,"date":"2024-09-10T11:01:05","date_gmt":"2024-09-10T14:01:05","guid":{"rendered":"https:\/\/projetocasademaria.com\/index.php\/product\/necessaire-sig\/"},"modified":"2025-03-25T11:53:42","modified_gmt":"2025-03-25T14:53:42","slug":"necessaire-sig","status":"publish","type":"product","link":"https:\/\/projetocasademaria.com\/index.php\/product\/necessaire-sig\/","title":{"rendered":"Necessaire Sig"},"content":{"rendered":"<p>Pr\u00e1tica a Necessaire Sig \u00e9 confeccionada em lona de alta qualidade, perfeita para quem busca funcionalidade e estilo no dia a dia. Com amplo espa\u00e7o interno e acabamento dur\u00e1vel, ela \u00e9 ideal para organizar seus itens pessoais, seja para viagens ou para o uso di\u00e1rio. Seu design minimalista, aliado \u00e0 robustez da lona, proporciona um toque moderno e vers\u00e1til, podendo ser combinada com diversos estilos e ocasi\u00f5es. Compacta e eficiente, a Necessaire Sig \u00e9 o acess\u00f3rio perfeito para quem preza por organiza\u00e7\u00e3o e durabilidade com eleg\u00e2ncia criada pela Casa de Maria.<\/p>\n<p>comprimento X largura X altura<br \/>\nG &#8211; 23X14X16<br \/>\nP &#8211; 17X10X11<\/p>\n","protected":false},"excerpt":{"rendered":"<p>Pr\u00e1tica a Necessaire Sig \u00e9 confeccionada em lona de alta qualidade, perfeita para quem busca funcionalidade e estilo no dia a dia. Com amplo espa\u00e7o interno e acabamento dur\u00e1vel, ela \u00e9 ideal para organizar seus itens pessoais, seja para viagens ou para o uso di\u00e1rio. Seu design minimalista, aliado \u00e0 robustez da lona, proporciona um&hellip;&nbsp;<a href=\"https:\/\/projetocasademaria.com\/index.php\/product\/necessaire-sig\/\" class=\"\" rel=\"bookmark\">Continue a ler &raquo;<span class=\"screen-reader-text\">Necessaire Sig<\/span><\/a><\/p>\n","protected":false},"featured_media":1342,"comment_status":"open","ping_status":"closed","template":"","meta":{"neve_meta_sidebar":"","neve_meta_container":"","neve_meta_enable_content_width":"off","neve_meta_content_width":100,"neve_meta_title_alignment":"","neve_meta_author_avatar":"","neve_post_elements_order":"","neve_meta_disable_header":"","neve_meta_disable_footer":"","neve_meta_disable_title":"","neve_meta_reading_time":"","_themeisle_gutenberg_block_has_review":false},"product_brand":[],"product_cat":[15,21,19],"product_tag":[],"class_list":{"0":"post-1061","1":"product","2":"type-product","3":"status-publish","4":"has-post-thumbnail","6":"product_cat-uncategorized","7":"product_cat-acessorios","8":"product_cat-bolsas","10":"first","11":"instock","12":"shipping-taxable","13":"purchasable","14":"product-type-variable"},"_links":{"self":[{"href":"https:\/\/projetocasademaria.com\/index.php\/wp-json\/wp\/v2\/product\/1061","targetHints":{"allow":["GET"]}}],"collection":[{"href":"https:\/\/projetocasademaria.com\/index.php\/wp-json\/wp\/v2\/product"}],"about":[{"href":"https:\/\/projetocasademaria.com\/index.php\/wp-json\/wp\/v2\/types\/product"}],"replies":[{"embeddable":true,"href":"https:\/\/projetocasademaria.com\/index.php\/wp-json\/wp\/v2\/comments?post=1061"}],"wp:featuredmedia":[{"embeddable":true,"href":"https:\/\/projetocasademaria.com\/index.php\/wp-json\/wp\/v2\/media\/1342"}],"wp:attachment":[{"href":"https:\/\/projetocasademaria.com\/index.php\/wp-json\/wp\/v2\/media?parent=1061"}],"wp:term":[{"taxonomy":"product_brand","embeddable":true,"href":"https:\/\/projetocasademaria.com\/index.php\/wp-json\/wp\/v2\/product_brand?post=1061"},{"taxonomy":"product_cat","embeddable":true,"href":"https:\/\/projetocasademaria.com\/index.php\/wp-json\/wp\/v2\/product_cat?post=1061"},{"taxonomy":"product_tag","embeddable":true,"href":"https:\/\/projetocasademaria.com\/index.php\/wp-json\/wp\/v2\/product_tag?post=1061"}],"curies":[{"name":"wp","href":"https:\/\/api.w.org\/{rel}","templated":true}]}}