{"id":98,"date":"2023-08-26T14:34:35","date_gmt":"2023-08-26T17:34:35","guid":{"rendered":"https:\/\/projetocasademaria.com\/?page_id=98"},"modified":"2023-10-13T16:01:52","modified_gmt":"2023-10-13T19:01:52","slug":"nossas-oficinas","status":"publish","type":"page","link":"https:\/\/projetocasademaria.com\/index.php\/nossas-oficinas\/","title":{"rendered":"Nossas Oficinas"},"content":{"rendered":"\n<p>Oferecemos oficinas das t\u00e9cnicas de <strong>amigurumi<\/strong>, <strong>croch\u00ea<\/strong>, <strong>corte e costura<\/strong>, <strong>macram\u00ea<\/strong>, <strong>tecelagem<\/strong> e <strong>S\u00e9rgio Matos<\/strong>, as quais s\u00e3o aplicadas na cria\u00e7\u00e3o dos nossos produtos e\/ou nos figurinos do Aria Social. <\/p>\n\n\n\n<p>Nossas oficinas objetivam ir al\u00e9m da <strong>capacita\u00e7\u00e3o<\/strong> dos membros da comunidade para a produ\u00e7\u00e3o artesanal. Elas visam o <strong>empoderamento<\/strong> <strong>feminino<\/strong>, a <strong>consci\u00eancia cidad\u00e3<\/strong> e o <strong>crescimento profissional e pessoal<\/strong> dos nossos alunos.<\/p>\n\n\n\n<p>\u00c9 por meio delas que a <strong>CASA DE MARIA<\/strong> <strong>transforma<\/strong> cotidianos, <strong>impacta<\/strong> vidas e promove a\u00e7\u00f5es que instigam o desejo de criar, de assumir responsabilidades e de se tornar financeiramente independente, apresentando caminhos para o aumento da renda familiar e da melhoria da qualidade de vida.<\/p>\n\n\n\n<p>Caso tenha interesse em oferecer alguma de nossas oficinas em seu ambiente entre em contato conosco que ficaremos felizes em lhe ajudar a transformar a vida de mais pessoas.<\/p>\n\n\n\n<div id=\"wp-block-themeisle-blocks-advanced-columns-b1d7b3d0\" class=\"wp-block-themeisle-blocks-advanced-columns has-3-columns has-desktop-equal-layout has-tablet-equal-layout has-mobile-collapsedRows-layout has-vertical-unset\"><div class=\"wp-block-themeisle-blocks-advanced-columns-overlay\"><\/div><div class=\"innerblocks-wrap\">\n<div id=\"wp-block-themeisle-blocks-advanced-column-b82dacf0\" class=\"wp-block-themeisle-blocks-advanced-column\">\n<div class=\"wp-block-cover is-light\"><span aria-hidden=\"true\" class=\"wp-block-cover__background has-background-dim\"><\/span><img fetchpriority=\"high\" decoding=\"async\" width=\"828\" height=\"1458\" class=\"wp-block-cover__image-background wp-image-756\" alt=\"\" src=\"https:\/\/projetocasademaria.com\/wp-content\/uploads\/2023\/10\/WhatsApp-Image-2023-10-09-at-08.42.43.jpeg\" style=\"object-position:21% 72%\" data-object-fit=\"cover\" data-object-position=\"21% 72%\" srcset=\"https:\/\/projetocasademaria.com\/wp-content\/uploads\/2023\/10\/WhatsApp-Image-2023-10-09-at-08.42.43.jpeg 828w, https:\/\/projetocasademaria.com\/wp-content\/uploads\/2023\/10\/WhatsApp-Image-2023-10-09-at-08.42.43-170x300.jpeg 170w, https:\/\/projetocasademaria.com\/wp-content\/uploads\/2023\/10\/WhatsApp-Image-2023-10-09-at-08.42.43-582x1024.jpeg 582w, https:\/\/projetocasademaria.com\/wp-content\/uploads\/2023\/10\/WhatsApp-Image-2023-10-09-at-08.42.43-768x1352.jpeg 768w, https:\/\/projetocasademaria.com\/wp-content\/uploads\/2023\/10\/WhatsApp-Image-2023-10-09-at-08.42.43-600x1057.jpeg 600w\" sizes=\"(max-width: 828px) 100vw, 828px\" \/><div class=\"wp-block-cover__inner-container is-layout-constrained wp-block-cover-is-layout-constrained\">\n<p class=\"has-text-align-center has-nv-site-bg-color has-text-color has-large-font-size\">AMIGURUMI<\/p>\n<\/div><\/div>\n<\/div>\n\n\n\n<div id=\"wp-block-themeisle-blocks-advanced-column-d2d24e8a\" class=\"wp-block-themeisle-blocks-advanced-column\">\n<div class=\"wp-block-cover is-light\"><span aria-hidden=\"true\" class=\"wp-block-cover__background has-background-dim\"><\/span><img decoding=\"async\" width=\"1080\" height=\"1080\" class=\"wp-block-cover__image-background wp-image-760\" alt=\"\" src=\"https:\/\/projetocasademaria.com\/wp-content\/uploads\/2023\/10\/Snapinsta.app_217873104_875831766619448_9078332426039215794_n_1080.jpg\" style=\"object-position:70% 66%\" data-object-fit=\"cover\" data-object-position=\"70% 66%\" srcset=\"https:\/\/projetocasademaria.com\/wp-content\/uploads\/2023\/10\/Snapinsta.app_217873104_875831766619448_9078332426039215794_n_1080.jpg 1080w, https:\/\/projetocasademaria.com\/wp-content\/uploads\/2023\/10\/Snapinsta.app_217873104_875831766619448_9078332426039215794_n_1080-300x300.jpg 300w, https:\/\/projetocasademaria.com\/wp-content\/uploads\/2023\/10\/Snapinsta.app_217873104_875831766619448_9078332426039215794_n_1080-1024x1024.jpg 1024w, https:\/\/projetocasademaria.com\/wp-content\/uploads\/2023\/10\/Snapinsta.app_217873104_875831766619448_9078332426039215794_n_1080-150x150.jpg 150w, https:\/\/projetocasademaria.com\/wp-content\/uploads\/2023\/10\/Snapinsta.app_217873104_875831766619448_9078332426039215794_n_1080-768x768.jpg 768w, https:\/\/projetocasademaria.com\/wp-content\/uploads\/2023\/10\/Snapinsta.app_217873104_875831766619448_9078332426039215794_n_1080-600x600.jpg 600w, https:\/\/projetocasademaria.com\/wp-content\/uploads\/2023\/10\/Snapinsta.app_217873104_875831766619448_9078332426039215794_n_1080-100x100.jpg 100w, https:\/\/projetocasademaria.com\/wp-content\/uploads\/2023\/10\/Snapinsta.app_217873104_875831766619448_9078332426039215794_n_1080-50x50.jpg 50w\" sizes=\"(max-width: 1080px) 100vw, 1080px\" \/><div class=\"wp-block-cover__inner-container is-layout-constrained wp-block-cover-is-layout-constrained\">\n<p class=\"has-text-align-center has-nv-site-bg-color has-text-color has-large-font-size\">CORTE E COSTURA<\/p>\n<\/div><\/div>\n<\/div>\n\n\n\n<div id=\"wp-block-themeisle-blocks-advanced-column-ae00cb38\" class=\"wp-block-themeisle-blocks-advanced-column\">\n<div class=\"wp-block-cover is-light\"><span aria-hidden=\"true\" class=\"wp-block-cover__background has-background-dim\"><\/span><img decoding=\"async\" width=\"2560\" height=\"1774\" class=\"wp-block-cover__image-background wp-image-680\" alt=\"\" src=\"https:\/\/projetocasademaria.com\/wp-content\/uploads\/2023\/10\/oficina-scaled.jpg\" data-object-fit=\"cover\" srcset=\"https:\/\/projetocasademaria.com\/wp-content\/uploads\/2023\/10\/oficina-scaled.jpg 2560w, https:\/\/projetocasademaria.com\/wp-content\/uploads\/2023\/10\/oficina-300x208.jpg 300w, https:\/\/projetocasademaria.com\/wp-content\/uploads\/2023\/10\/oficina-1024x709.jpg 1024w, https:\/\/projetocasademaria.com\/wp-content\/uploads\/2023\/10\/oficina-768x532.jpg 768w, https:\/\/projetocasademaria.com\/wp-content\/uploads\/2023\/10\/oficina-1536x1064.jpg 1536w, https:\/\/projetocasademaria.com\/wp-content\/uploads\/2023\/10\/oficina-2048x1419.jpg 2048w, https:\/\/projetocasademaria.com\/wp-content\/uploads\/2023\/10\/oficina-600x416.jpg 600w\" sizes=\"(max-width: 2560px) 100vw, 2560px\" \/><div class=\"wp-block-cover__inner-container is-layout-constrained wp-block-cover-is-layout-constrained\">\n<p class=\"has-text-align-center has-nv-site-bg-color has-text-color has-large-font-size\">CROCH\u00ca<\/p>\n<\/div><\/div>\n<\/div>\n<\/div><\/div>\n\n\n\n<div id=\"wp-block-themeisle-blocks-advanced-columns-286abe47\" class=\"wp-block-themeisle-blocks-advanced-columns has-3-columns has-desktop-equal-layout has-tablet-equal-layout has-mobile-collapsedRows-layout has-vertical-unset\"><div class=\"wp-block-themeisle-blocks-advanced-columns-overlay\"><\/div><div class=\"innerblocks-wrap\">\n<div id=\"wp-block-themeisle-blocks-advanced-column-e2f0d9db\" class=\"wp-block-themeisle-blocks-advanced-column\">\n<div class=\"wp-block-cover is-light\"><span aria-hidden=\"true\" class=\"wp-block-cover__background has-background-dim\"><\/span><img loading=\"lazy\" decoding=\"async\" width=\"1900\" height=\"500\" class=\"wp-block-cover__image-background wp-image-643\" alt=\"\" src=\"https:\/\/projetocasademaria.com\/wp-content\/uploads\/2023\/10\/capa.jpg\" data-object-fit=\"cover\" srcset=\"https:\/\/projetocasademaria.com\/wp-content\/uploads\/2023\/10\/capa.jpg 1900w, https:\/\/projetocasademaria.com\/wp-content\/uploads\/2023\/10\/capa-300x79.jpg 300w, https:\/\/projetocasademaria.com\/wp-content\/uploads\/2023\/10\/capa-1024x269.jpg 1024w, https:\/\/projetocasademaria.com\/wp-content\/uploads\/2023\/10\/capa-768x202.jpg 768w, https:\/\/projetocasademaria.com\/wp-content\/uploads\/2023\/10\/capa-1536x404.jpg 1536w, https:\/\/projetocasademaria.com\/wp-content\/uploads\/2023\/10\/capa-600x158.jpg 600w\" sizes=\"(max-width: 1900px) 100vw, 1900px\" \/><div class=\"wp-block-cover__inner-container is-layout-constrained wp-block-cover-is-layout-constrained\">\n<p class=\"has-text-align-center has-nv-site-bg-color has-text-color has-large-font-size\">MACRAM\u00ca<\/p>\n<\/div><\/div>\n<\/div>\n\n\n\n<div id=\"wp-block-themeisle-blocks-advanced-column-b1d79970\" class=\"wp-block-themeisle-blocks-advanced-column\">\n<div class=\"wp-block-cover is-light\"><span aria-hidden=\"true\" class=\"wp-block-cover__background has-background-dim\"><\/span><img loading=\"lazy\" decoding=\"async\" width=\"1900\" height=\"500\" class=\"wp-block-cover__image-background wp-image-643\" alt=\"\" src=\"https:\/\/projetocasademaria.com\/wp-content\/uploads\/2023\/10\/capa.jpg\" data-object-fit=\"cover\" srcset=\"https:\/\/projetocasademaria.com\/wp-content\/uploads\/2023\/10\/capa.jpg 1900w, https:\/\/projetocasademaria.com\/wp-content\/uploads\/2023\/10\/capa-300x79.jpg 300w, https:\/\/projetocasademaria.com\/wp-content\/uploads\/2023\/10\/capa-1024x269.jpg 1024w, https:\/\/projetocasademaria.com\/wp-content\/uploads\/2023\/10\/capa-768x202.jpg 768w, https:\/\/projetocasademaria.com\/wp-content\/uploads\/2023\/10\/capa-1536x404.jpg 1536w, https:\/\/projetocasademaria.com\/wp-content\/uploads\/2023\/10\/capa-600x158.jpg 600w\" sizes=\"(max-width: 1900px) 100vw, 1900px\" \/><div class=\"wp-block-cover__inner-container is-layout-constrained wp-block-cover-is-layout-constrained\">\n<p class=\"has-text-align-center has-nv-site-bg-color has-text-color has-large-font-size\">TECELAGEM<\/p>\n<\/div><\/div>\n<\/div>\n\n\n\n<div id=\"wp-block-themeisle-blocks-advanced-column-7771280f\" class=\"wp-block-themeisle-blocks-advanced-column\">\n<div class=\"wp-block-cover is-light\"><span aria-hidden=\"true\" class=\"wp-block-cover__background has-background-dim\"><\/span><img loading=\"lazy\" decoding=\"async\" width=\"1900\" height=\"500\" class=\"wp-block-cover__image-background wp-image-643\" alt=\"\" src=\"https:\/\/projetocasademaria.com\/wp-content\/uploads\/2023\/10\/capa.jpg\" data-object-fit=\"cover\" srcset=\"https:\/\/projetocasademaria.com\/wp-content\/uploads\/2023\/10\/capa.jpg 1900w, https:\/\/projetocasademaria.com\/wp-content\/uploads\/2023\/10\/capa-300x79.jpg 300w, https:\/\/projetocasademaria.com\/wp-content\/uploads\/2023\/10\/capa-1024x269.jpg 1024w, https:\/\/projetocasademaria.com\/wp-content\/uploads\/2023\/10\/capa-768x202.jpg 768w, https:\/\/projetocasademaria.com\/wp-content\/uploads\/2023\/10\/capa-1536x404.jpg 1536w, https:\/\/projetocasademaria.com\/wp-content\/uploads\/2023\/10\/capa-600x158.jpg 600w\" sizes=\"(max-width: 1900px) 100vw, 1900px\" \/><div class=\"wp-block-cover__inner-container is-layout-constrained wp-block-cover-is-layout-constrained\">\n<p class=\"has-text-align-center has-nv-site-bg-color has-text-color has-large-font-size\">S\u00c9RGIO MATOS<\/p>\n<\/div><\/div>\n<\/div>\n<\/div><\/div>\n","protected":false},"excerpt":{"rendered":"<p>Oferecemos oficinas das t\u00e9cnicas de amigurumi, croch\u00ea, corte e costura, macram\u00ea, tecelagem e S\u00e9rgio Matos, as quais s\u00e3o aplicadas na cria\u00e7\u00e3o dos nossos produtos e\/ou nos figurinos do Aria Social. Nossas oficinas objetivam ir al\u00e9m da capacita\u00e7\u00e3o dos membros da comunidade para a produ\u00e7\u00e3o artesanal. Elas visam o empoderamento feminino, a consci\u00eancia cidad\u00e3 e o&hellip;&nbsp;<a href=\"https:\/\/projetocasademaria.com\/index.php\/nossas-oficinas\/\" class=\"\" rel=\"bookmark\">Continue a ler &raquo;<span class=\"screen-reader-text\">Nossas Oficinas<\/span><\/a><\/p>\n","protected":false},"author":3,"featured_media":0,"parent":0,"menu_order":0,"comment_status":"closed","ping_status":"closed","template":"","meta":{"neve_meta_sidebar":"","neve_meta_container":"","neve_meta_enable_content_width":"","neve_meta_content_width":0,"neve_meta_title_alignment":"","neve_meta_author_avatar":"","neve_post_elements_order":"","neve_meta_disable_header":"","neve_meta_disable_footer":"","neve_meta_disable_title":"","neve_meta_reading_time":"","_themeisle_gutenberg_block_has_review":false,"footnotes":""},"class_list":["post-98","page","type-page","status-publish","hentry"],"_links":{"self":[{"href":"https:\/\/projetocasademaria.com\/index.php\/wp-json\/wp\/v2\/pages\/98","targetHints":{"allow":["GET"]}}],"collection":[{"href":"https:\/\/projetocasademaria.com\/index.php\/wp-json\/wp\/v2\/pages"}],"about":[{"href":"https:\/\/projetocasademaria.com\/index.php\/wp-json\/wp\/v2\/types\/page"}],"author":[{"embeddable":true,"href":"https:\/\/projetocasademaria.com\/index.php\/wp-json\/wp\/v2\/users\/3"}],"replies":[{"embeddable":true,"href":"https:\/\/projetocasademaria.com\/index.php\/wp-json\/wp\/v2\/comments?post=98"}],"version-history":[{"count":7,"href":"https:\/\/projetocasademaria.com\/index.php\/wp-json\/wp\/v2\/pages\/98\/revisions"}],"predecessor-version":[{"id":764,"href":"https:\/\/projetocasademaria.com\/index.php\/wp-json\/wp\/v2\/pages\/98\/revisions\/764"}],"wp:attachment":[{"href":"https:\/\/projetocasademaria.com\/index.php\/wp-json\/wp\/v2\/media?parent=98"}],"curies":[{"name":"wp","href":"https:\/\/api.w.org\/{rel}","templated":true}]}}