{"id":96,"date":"2023-08-26T14:34:16","date_gmt":"2023-08-26T17:34:16","guid":{"rendered":"https:\/\/projetocasademaria.com\/?page_id=96"},"modified":"2023-10-09T16:22:13","modified_gmt":"2023-10-09T19:22:13","slug":"nossas-marias","status":"publish","type":"page","link":"https:\/\/projetocasademaria.com\/index.php\/nossas-marias\/","title":{"rendered":"Nossas Marias"},"content":{"rendered":"\n<h2 id=\"wp-block-themeisle-blocks-advanced-heading-3b8971c4\" class=\"wp-block-themeisle-blocks-advanced-heading wp-block-themeisle-blocks-advanced-heading-3b8971c4\">M\u00c3E + ARIA = MARIA<\/h2>\n\n\n\n<p>A origem do nosso <strong>MARIA<\/strong> \u00e9 fruto da <strong>uni\u00e3o<\/strong> da letra <strong>\u201cM\u201d de m\u00e3es<\/strong> com a palavra <strong>ARIA<\/strong>. Foi uma maneira que encontramos de <strong>homenagear <\/strong>tanto o projeto que nos deu luz como aquelas que por meio de suas m\u00e3os nos ajudam a tecer essa hist\u00f3ria.<\/p>\n\n\n\n<p>Nascemos de uma simples troca de experi\u00eancias das m\u00e3es que aguardavam as atividades dos seus filhos no ARIA SOCIAL e hoje somos uma rede de apoio, de aprendizado e de trocas n\u00e3o s\u00f3 para essas m\u00e3es, mas tamb\u00e9m para os pais, familiares e alunos do ARIA SOCIAL.<\/p>\n\n\n\n<div id=\"wp-block-themeisle-blocks-advanced-columns-6e102b43\" class=\"wp-block-themeisle-blocks-advanced-columns has-3-columns has-desktop-equal-layout has-tablet-equal-layout has-mobile-collapsedRows-layout has-vertical-unset\"><div class=\"wp-block-themeisle-blocks-advanced-columns-overlay\"><\/div><div class=\"innerblocks-wrap\">\n<div id=\"wp-block-themeisle-blocks-advanced-column-42c02b0c\" class=\"wp-block-themeisle-blocks-advanced-column\">\n<div class=\"wp-block-cover is-light has-custom-content-position is-position-bottom-center has-nv-site-bg-color has-text-color\"><span aria-hidden=\"true\" class=\"wp-block-cover__background has-background-dim\"><\/span><img fetchpriority=\"high\" decoding=\"async\" width=\"2048\" height=\"2048\" class=\"wp-block-cover__image-background wp-image-653\" alt=\"\" src=\"https:\/\/projetocasademaria.com\/wp-content\/uploads\/2023\/10\/marizete.jpg\" data-object-fit=\"cover\" srcset=\"https:\/\/projetocasademaria.com\/wp-content\/uploads\/2023\/10\/marizete.jpg 2048w, https:\/\/projetocasademaria.com\/wp-content\/uploads\/2023\/10\/marizete-300x300.jpg 300w, https:\/\/projetocasademaria.com\/wp-content\/uploads\/2023\/10\/marizete-1024x1024.jpg 1024w, https:\/\/projetocasademaria.com\/wp-content\/uploads\/2023\/10\/marizete-150x150.jpg 150w, https:\/\/projetocasademaria.com\/wp-content\/uploads\/2023\/10\/marizete-768x768.jpg 768w, https:\/\/projetocasademaria.com\/wp-content\/uploads\/2023\/10\/marizete-1536x1536.jpg 1536w, https:\/\/projetocasademaria.com\/wp-content\/uploads\/2023\/10\/marizete-600x600.jpg 600w, https:\/\/projetocasademaria.com\/wp-content\/uploads\/2023\/10\/marizete-100x100.jpg 100w, https:\/\/projetocasademaria.com\/wp-content\/uploads\/2023\/10\/marizete-50x50.jpg 50w\" sizes=\"(max-width: 2048px) 100vw, 2048px\" \/><div class=\"wp-block-cover__inner-container is-layout-constrained wp-block-cover-is-layout-constrained\">\n<p class=\"has-text-align-center has-nv-site-bg-color has-text-color has-large-font-size\">Marizete<\/p>\n\n\n\n<p class=\"has-nv-site-bg-color has-text-color\">Artes\u00e3 da t\u00e9cnica de S\u00e9rgio Matos e tamb\u00e9m m\u00e3e da nossa querida Dani. Est\u00e1 conosco h\u00e1 4 anos e conheceu nosso projeto atrav\u00e9s do Arte para todos do Aria Social.<\/p>\n<\/div><\/div>\n<\/div>\n\n\n\n<div id=\"wp-block-themeisle-blocks-advanced-column-21a15453\" class=\"wp-block-themeisle-blocks-advanced-column\">\n<div class=\"wp-block-cover has-custom-content-position is-position-bottom-center has-nv-site-bg-color has-text-color\"><span aria-hidden=\"true\" class=\"wp-block-cover__background has-background-dim\"><\/span><img decoding=\"async\" width=\"2048\" height=\"2048\" class=\"wp-block-cover__image-background wp-image-658\" alt=\"\" src=\"https:\/\/projetocasademaria.com\/wp-content\/uploads\/2023\/10\/jaisas.jpg\" data-object-fit=\"cover\" srcset=\"https:\/\/projetocasademaria.com\/wp-content\/uploads\/2023\/10\/jaisas.jpg 2048w, https:\/\/projetocasademaria.com\/wp-content\/uploads\/2023\/10\/jaisas-300x300.jpg 300w, https:\/\/projetocasademaria.com\/wp-content\/uploads\/2023\/10\/jaisas-1024x1024.jpg 1024w, https:\/\/projetocasademaria.com\/wp-content\/uploads\/2023\/10\/jaisas-150x150.jpg 150w, https:\/\/projetocasademaria.com\/wp-content\/uploads\/2023\/10\/jaisas-768x768.jpg 768w, https:\/\/projetocasademaria.com\/wp-content\/uploads\/2023\/10\/jaisas-1536x1536.jpg 1536w, https:\/\/projetocasademaria.com\/wp-content\/uploads\/2023\/10\/jaisas-600x600.jpg 600w, https:\/\/projetocasademaria.com\/wp-content\/uploads\/2023\/10\/jaisas-100x100.jpg 100w, https:\/\/projetocasademaria.com\/wp-content\/uploads\/2023\/10\/jaisas-50x50.jpg 50w\" sizes=\"(max-width: 2048px) 100vw, 2048px\" \/><div class=\"wp-block-cover__inner-container is-layout-constrained wp-block-cover-is-layout-constrained\">\n<p class=\"has-text-align-center has-nv-site-bg-color has-text-color has-large-font-size\">Ja\u00edsas<\/p>\n\n\n\n<p class=\"has-nv-site-bg-color has-text-color\">Crocheteira de m\u00e3o cheia, iniciou no projeto como aluna da oficina de Amigurumi e hoje \u00e9 nossa professora auxiliar de croch\u00ea. <br><\/p>\n<\/div><\/div>\n<\/div>\n\n\n\n<div id=\"wp-block-themeisle-blocks-advanced-column-4ec95de9\" class=\"wp-block-themeisle-blocks-advanced-column\">\n<div class=\"wp-block-cover is-light has-custom-content-position is-position-bottom-center has-nv-site-bg-color has-text-color\"><span aria-hidden=\"true\" class=\"wp-block-cover__background has-background-dim\"><\/span><img decoding=\"async\" width=\"2048\" height=\"2048\" class=\"wp-block-cover__image-background wp-image-655\" alt=\"\" src=\"https:\/\/projetocasademaria.com\/wp-content\/uploads\/2023\/10\/produtos.jpg\" data-object-fit=\"cover\" srcset=\"https:\/\/projetocasademaria.com\/wp-content\/uploads\/2023\/10\/produtos.jpg 2048w, https:\/\/projetocasademaria.com\/wp-content\/uploads\/2023\/10\/produtos-300x300.jpg 300w, https:\/\/projetocasademaria.com\/wp-content\/uploads\/2023\/10\/produtos-1024x1024.jpg 1024w, https:\/\/projetocasademaria.com\/wp-content\/uploads\/2023\/10\/produtos-150x150.jpg 150w, https:\/\/projetocasademaria.com\/wp-content\/uploads\/2023\/10\/produtos-768x768.jpg 768w, https:\/\/projetocasademaria.com\/wp-content\/uploads\/2023\/10\/produtos-1536x1536.jpg 1536w, https:\/\/projetocasademaria.com\/wp-content\/uploads\/2023\/10\/produtos-600x600.jpg 600w, https:\/\/projetocasademaria.com\/wp-content\/uploads\/2023\/10\/produtos-100x100.jpg 100w, https:\/\/projetocasademaria.com\/wp-content\/uploads\/2023\/10\/produtos-50x50.jpg 50w\" sizes=\"(max-width: 2048px) 100vw, 2048px\" \/><div class=\"wp-block-cover__inner-container is-layout-constrained wp-block-cover-is-layout-constrained\">\n<p class=\"has-text-align-center has-nv-site-bg-color has-text-color has-large-font-size\">Edna<\/p>\n\n\n\n<p class=\"has-nv-site-bg-color has-text-color\">Apaixonada por artesanato e m\u00e3e do Matheus. Edna conheceu a Casa de Maria atrav\u00e9s do Arte para todos do Aria Social. Hoje faz parte do nosso time de crocheteiras.<\/p>\n<\/div><\/div>\n<\/div>\n<\/div><\/div>\n\n\n\n<div id=\"wp-block-themeisle-blocks-advanced-columns-b5aa8cc6\" class=\"wp-block-themeisle-blocks-advanced-columns has-3-columns has-desktop-equal-layout has-tablet-equal-layout has-mobile-collapsedRows-layout has-vertical-unset\"><div class=\"wp-block-themeisle-blocks-advanced-columns-overlay\"><\/div><div class=\"innerblocks-wrap\">\n<div id=\"wp-block-themeisle-blocks-advanced-column-4a243e16\" class=\"wp-block-themeisle-blocks-advanced-column\">\n<div class=\"wp-block-cover is-light has-custom-content-position is-position-bottom-center has-nv-site-bg-color has-text-color\"><span aria-hidden=\"true\" class=\"wp-block-cover__background has-background-dim\"><\/span><img loading=\"lazy\" decoding=\"async\" width=\"2048\" height=\"2048\" class=\"wp-block-cover__image-background wp-image-656\" alt=\"\" src=\"https:\/\/projetocasademaria.com\/wp-content\/uploads\/2023\/10\/produtos-1.jpg\" data-object-fit=\"cover\" srcset=\"https:\/\/projetocasademaria.com\/wp-content\/uploads\/2023\/10\/produtos-1.jpg 2048w, https:\/\/projetocasademaria.com\/wp-content\/uploads\/2023\/10\/produtos-1-300x300.jpg 300w, https:\/\/projetocasademaria.com\/wp-content\/uploads\/2023\/10\/produtos-1-1024x1024.jpg 1024w, https:\/\/projetocasademaria.com\/wp-content\/uploads\/2023\/10\/produtos-1-150x150.jpg 150w, https:\/\/projetocasademaria.com\/wp-content\/uploads\/2023\/10\/produtos-1-768x768.jpg 768w, https:\/\/projetocasademaria.com\/wp-content\/uploads\/2023\/10\/produtos-1-1536x1536.jpg 1536w, https:\/\/projetocasademaria.com\/wp-content\/uploads\/2023\/10\/produtos-1-600x600.jpg 600w, https:\/\/projetocasademaria.com\/wp-content\/uploads\/2023\/10\/produtos-1-100x100.jpg 100w, https:\/\/projetocasademaria.com\/wp-content\/uploads\/2023\/10\/produtos-1-50x50.jpg 50w\" sizes=\"(max-width: 2048px) 100vw, 2048px\" \/><div class=\"wp-block-cover__inner-container is-layout-constrained wp-block-cover-is-layout-constrained\">\n<p class=\"has-text-align-center has-nv-site-bg-color has-text-color has-large-font-size\">Paulina<\/p>\n\n\n\n<p class=\"has-nv-site-bg-color has-text-color\">N\u00e3o h\u00e1 nada que essa mulher n\u00e3o fa\u00e7a. Pense numa artes\u00e3 multifacetada: faz croch\u00ea, macram\u00ea, pintura em tela, pintura em tecido, costura, enfim, o que voc\u00ea imaginar ela faz.<br><\/p>\n<\/div><\/div>\n<\/div>\n\n\n\n<div id=\"wp-block-themeisle-blocks-advanced-column-2f950cd1\" class=\"wp-block-themeisle-blocks-advanced-column\">\n<div class=\"wp-block-cover is-light has-custom-content-position is-position-bottom-center has-nv-site-bg-color has-text-color\"><span aria-hidden=\"true\" class=\"wp-block-cover__background has-background-dim\"><\/span><img loading=\"lazy\" decoding=\"async\" width=\"2048\" height=\"2048\" class=\"wp-block-cover__image-background wp-image-657\" alt=\"\" src=\"https:\/\/projetocasademaria.com\/wp-content\/uploads\/2023\/10\/ines.jpg\" style=\"object-position:39% 33%\" data-object-fit=\"cover\" data-object-position=\"39% 33%\" srcset=\"https:\/\/projetocasademaria.com\/wp-content\/uploads\/2023\/10\/ines.jpg 2048w, https:\/\/projetocasademaria.com\/wp-content\/uploads\/2023\/10\/ines-300x300.jpg 300w, https:\/\/projetocasademaria.com\/wp-content\/uploads\/2023\/10\/ines-1024x1024.jpg 1024w, https:\/\/projetocasademaria.com\/wp-content\/uploads\/2023\/10\/ines-150x150.jpg 150w, https:\/\/projetocasademaria.com\/wp-content\/uploads\/2023\/10\/ines-768x768.jpg 768w, https:\/\/projetocasademaria.com\/wp-content\/uploads\/2023\/10\/ines-1536x1536.jpg 1536w, https:\/\/projetocasademaria.com\/wp-content\/uploads\/2023\/10\/ines-600x600.jpg 600w, https:\/\/projetocasademaria.com\/wp-content\/uploads\/2023\/10\/ines-100x100.jpg 100w, https:\/\/projetocasademaria.com\/wp-content\/uploads\/2023\/10\/ines-50x50.jpg 50w\" sizes=\"(max-width: 2048px) 100vw, 2048px\" \/><div class=\"wp-block-cover__inner-container is-layout-constrained wp-block-cover-is-layout-constrained\">\n<p class=\"has-text-align-center has-nv-site-bg-color has-text-color has-large-font-size\">In\u00eas<\/p>\n\n\n\n<p class=\"has-nv-site-bg-color has-text-color\">Uma das nossas artes\u00e3s que est\u00e1 h\u00e1 mais tempo conosco. In\u00eas iniciou  nas oficinas de croch\u00ea, participou da de S\u00e9rgio Matos e hoje trabalha na produ\u00e7\u00e3o das nossas bolsas com costura pesada. <\/p>\n<\/div><\/div>\n<\/div>\n\n\n\n<div id=\"wp-block-themeisle-blocks-advanced-column-17298952\" class=\"wp-block-themeisle-blocks-advanced-column\">\n<div class=\"wp-block-cover has-custom-content-position is-position-bottom-center has-nv-site-bg-color has-text-color\"><span aria-hidden=\"true\" class=\"wp-block-cover__background has-background-dim\"><\/span><img loading=\"lazy\" decoding=\"async\" width=\"2048\" height=\"2048\" class=\"wp-block-cover__image-background wp-image-661\" alt=\"\" src=\"https:\/\/projetocasademaria.com\/wp-content\/uploads\/2023\/10\/marluce.jpg\" data-object-fit=\"cover\" srcset=\"https:\/\/projetocasademaria.com\/wp-content\/uploads\/2023\/10\/marluce.jpg 2048w, https:\/\/projetocasademaria.com\/wp-content\/uploads\/2023\/10\/marluce-300x300.jpg 300w, https:\/\/projetocasademaria.com\/wp-content\/uploads\/2023\/10\/marluce-1024x1024.jpg 1024w, https:\/\/projetocasademaria.com\/wp-content\/uploads\/2023\/10\/marluce-150x150.jpg 150w, https:\/\/projetocasademaria.com\/wp-content\/uploads\/2023\/10\/marluce-768x768.jpg 768w, https:\/\/projetocasademaria.com\/wp-content\/uploads\/2023\/10\/marluce-1536x1536.jpg 1536w, https:\/\/projetocasademaria.com\/wp-content\/uploads\/2023\/10\/marluce-600x600.jpg 600w, https:\/\/projetocasademaria.com\/wp-content\/uploads\/2023\/10\/marluce-100x100.jpg 100w, https:\/\/projetocasademaria.com\/wp-content\/uploads\/2023\/10\/marluce-50x50.jpg 50w\" sizes=\"(max-width: 2048px) 100vw, 2048px\" \/><div class=\"wp-block-cover__inner-container is-layout-constrained wp-block-cover-is-layout-constrained\">\n<p class=\"has-text-align-center has-nv-site-bg-color has-text-color has-large-font-size\">Marluce<\/p>\n\n\n\n<p class=\"has-nv-site-bg-color has-text-color\">Pense numa mulher rocheda, como ela mesma diz. \u00c9 artes\u00e3, m\u00e3e da Mel e uma crocheteira focad\u00edssima na produ\u00e7\u00e3o.<\/p>\n<\/div><\/div>\n<\/div>\n<\/div><\/div>\n\n\n\n<div id=\"wp-block-themeisle-blocks-advanced-columns-cb60e94b\" class=\"wp-block-themeisle-blocks-advanced-columns has-3-columns has-desktop-equal-layout has-tablet-equal-layout has-mobile-collapsedRows-layout has-vertical-unset\"><div class=\"wp-block-themeisle-blocks-advanced-columns-overlay\"><\/div><div class=\"innerblocks-wrap\">\n<div id=\"wp-block-themeisle-blocks-advanced-column-41765569\" class=\"wp-block-themeisle-blocks-advanced-column\">\n<div class=\"wp-block-cover is-light has-custom-content-position is-position-bottom-center has-nv-site-bg-color has-text-color\"><span aria-hidden=\"true\" class=\"wp-block-cover__background has-background-dim\"><\/span><img loading=\"lazy\" decoding=\"async\" width=\"2048\" height=\"2048\" class=\"wp-block-cover__image-background wp-image-662\" alt=\"\" src=\"https:\/\/projetocasademaria.com\/wp-content\/uploads\/2023\/10\/carla.jpg\" data-object-fit=\"cover\" srcset=\"https:\/\/projetocasademaria.com\/wp-content\/uploads\/2023\/10\/carla.jpg 2048w, https:\/\/projetocasademaria.com\/wp-content\/uploads\/2023\/10\/carla-300x300.jpg 300w, https:\/\/projetocasademaria.com\/wp-content\/uploads\/2023\/10\/carla-1024x1024.jpg 1024w, https:\/\/projetocasademaria.com\/wp-content\/uploads\/2023\/10\/carla-150x150.jpg 150w, https:\/\/projetocasademaria.com\/wp-content\/uploads\/2023\/10\/carla-768x768.jpg 768w, https:\/\/projetocasademaria.com\/wp-content\/uploads\/2023\/10\/carla-1536x1536.jpg 1536w, https:\/\/projetocasademaria.com\/wp-content\/uploads\/2023\/10\/carla-600x600.jpg 600w, https:\/\/projetocasademaria.com\/wp-content\/uploads\/2023\/10\/carla-100x100.jpg 100w, https:\/\/projetocasademaria.com\/wp-content\/uploads\/2023\/10\/carla-50x50.jpg 50w\" sizes=\"(max-width: 2048px) 100vw, 2048px\" \/><div class=\"wp-block-cover__inner-container is-layout-constrained wp-block-cover-is-layout-constrained\">\n<p class=\"has-text-align-center has-nv-site-bg-color has-text-color has-large-font-size\">Ana Carla<\/p>\n\n\n\n<p class=\"has-nv-site-bg-color has-text-color\">\u00c9 uma mulher super dedicada, sempre serena e que integra o nosso grupo de crocheteiras.<br><\/p>\n<\/div><\/div>\n<\/div>\n\n\n\n<div id=\"wp-block-themeisle-blocks-advanced-column-5115ee93\" class=\"wp-block-themeisle-blocks-advanced-column\">\n<div class=\"wp-block-cover is-light has-custom-content-position is-position-bottom-center has-nv-site-bg-color has-text-color\"><span aria-hidden=\"true\" class=\"wp-block-cover__background has-background-dim\"><\/span><img loading=\"lazy\" decoding=\"async\" width=\"2048\" height=\"2048\" class=\"wp-block-cover__image-background wp-image-666\" alt=\"\" src=\"https:\/\/projetocasademaria.com\/wp-content\/uploads\/2023\/10\/gi.jpg\" data-object-fit=\"cover\" srcset=\"https:\/\/projetocasademaria.com\/wp-content\/uploads\/2023\/10\/gi.jpg 2048w, https:\/\/projetocasademaria.com\/wp-content\/uploads\/2023\/10\/gi-300x300.jpg 300w, https:\/\/projetocasademaria.com\/wp-content\/uploads\/2023\/10\/gi-1024x1024.jpg 1024w, https:\/\/projetocasademaria.com\/wp-content\/uploads\/2023\/10\/gi-150x150.jpg 150w, https:\/\/projetocasademaria.com\/wp-content\/uploads\/2023\/10\/gi-768x768.jpg 768w, https:\/\/projetocasademaria.com\/wp-content\/uploads\/2023\/10\/gi-1536x1536.jpg 1536w, https:\/\/projetocasademaria.com\/wp-content\/uploads\/2023\/10\/gi-600x600.jpg 600w, https:\/\/projetocasademaria.com\/wp-content\/uploads\/2023\/10\/gi-100x100.jpg 100w, https:\/\/projetocasademaria.com\/wp-content\/uploads\/2023\/10\/gi-50x50.jpg 50w\" sizes=\"(max-width: 2048px) 100vw, 2048px\" \/><div class=\"wp-block-cover__inner-container is-layout-constrained wp-block-cover-is-layout-constrained\">\n<p class=\"has-text-align-center has-nv-site-bg-color has-text-color has-large-font-size\">Gilliane<\/p>\n\n\n\n<p class=\"has-nv-site-bg-color has-text-color\">Artes\u00e3 multifacetada, m\u00e3e da Maria Clara e do Jo\u00e3o. Ela faz parte do nosso time de croch\u00ea e de macram\u00ea.<\/p>\n<\/div><\/div>\n<\/div>\n\n\n\n<div id=\"wp-block-themeisle-blocks-advanced-column-263cdd59\" class=\"wp-block-themeisle-blocks-advanced-column\">\n<div class=\"wp-block-cover has-custom-content-position is-position-bottom-center has-nv-site-bg-color has-text-color\"><span aria-hidden=\"true\" class=\"wp-block-cover__background has-background-dim\"><\/span><img loading=\"lazy\" decoding=\"async\" width=\"2048\" height=\"2048\" class=\"wp-block-cover__image-background wp-image-664\" alt=\"\" src=\"https:\/\/projetocasademaria.com\/wp-content\/uploads\/2023\/10\/day.jpg\" data-object-fit=\"cover\" srcset=\"https:\/\/projetocasademaria.com\/wp-content\/uploads\/2023\/10\/day.jpg 2048w, https:\/\/projetocasademaria.com\/wp-content\/uploads\/2023\/10\/day-300x300.jpg 300w, https:\/\/projetocasademaria.com\/wp-content\/uploads\/2023\/10\/day-1024x1024.jpg 1024w, https:\/\/projetocasademaria.com\/wp-content\/uploads\/2023\/10\/day-150x150.jpg 150w, https:\/\/projetocasademaria.com\/wp-content\/uploads\/2023\/10\/day-768x768.jpg 768w, https:\/\/projetocasademaria.com\/wp-content\/uploads\/2023\/10\/day-1536x1536.jpg 1536w, https:\/\/projetocasademaria.com\/wp-content\/uploads\/2023\/10\/day-600x600.jpg 600w, https:\/\/projetocasademaria.com\/wp-content\/uploads\/2023\/10\/day-100x100.jpg 100w, https:\/\/projetocasademaria.com\/wp-content\/uploads\/2023\/10\/day-50x50.jpg 50w\" sizes=\"(max-width: 2048px) 100vw, 2048px\" \/><div class=\"wp-block-cover__inner-container is-layout-constrained wp-block-cover-is-layout-constrained\">\n<p class=\"has-text-align-center has-nv-site-bg-color has-text-color has-large-font-size\">Dayane<\/p>\n\n\n\n<p class=\"has-nv-site-bg-color has-text-color\">Day \u00e9 a crocheteira mais nova da turma que veio pra mostrar que gamers tamb\u00e9m fazem croch\u00ea. Ela \u00e9 uma fofa super dedicada.<\/p>\n<\/div><\/div>\n<\/div>\n<\/div><\/div>\n\n\n\n<div class=\"wp-block-cover is-light has-nv-site-bg-color has-text-color\"><span aria-hidden=\"true\" class=\"wp-block-cover__background has-background-dim\"><\/span><img loading=\"lazy\" decoding=\"async\" width=\"2560\" height=\"1774\" class=\"wp-block-cover__image-background wp-image-680\" alt=\"\" src=\"https:\/\/projetocasademaria.com\/wp-content\/uploads\/2023\/10\/oficina-scaled.jpg\" style=\"object-position:52% 49%\" data-object-fit=\"cover\" data-object-position=\"52% 49%\" srcset=\"https:\/\/projetocasademaria.com\/wp-content\/uploads\/2023\/10\/oficina-scaled.jpg 2560w, https:\/\/projetocasademaria.com\/wp-content\/uploads\/2023\/10\/oficina-300x208.jpg 300w, https:\/\/projetocasademaria.com\/wp-content\/uploads\/2023\/10\/oficina-1024x709.jpg 1024w, https:\/\/projetocasademaria.com\/wp-content\/uploads\/2023\/10\/oficina-768x532.jpg 768w, https:\/\/projetocasademaria.com\/wp-content\/uploads\/2023\/10\/oficina-1536x1064.jpg 1536w, https:\/\/projetocasademaria.com\/wp-content\/uploads\/2023\/10\/oficina-2048x1419.jpg 2048w, https:\/\/projetocasademaria.com\/wp-content\/uploads\/2023\/10\/oficina-600x416.jpg 600w\" sizes=\"(max-width: 2560px) 100vw, 2560px\" \/><div class=\"wp-block-cover__inner-container is-layout-constrained wp-block-cover-is-layout-constrained\">\n<p class=\"has-text-align-center has-large-font-size\">e tantas mais marias que integram o nosso projeto&#8230;<\/p>\n<\/div><\/div>\n","protected":false},"excerpt":{"rendered":"<p>A origem do nosso MARIA \u00e9 fruto da uni\u00e3o da letra \u201cM\u201d de m\u00e3es com a palavra ARIA. Foi uma maneira que encontramos de homenagear tanto o projeto que nos deu luz como aquelas que por meio de suas m\u00e3os nos ajudam a tecer essa hist\u00f3ria. Nascemos de uma simples troca de experi\u00eancias das m\u00e3es&hellip;&nbsp;<a href=\"https:\/\/projetocasademaria.com\/index.php\/nossas-marias\/\" class=\"\" rel=\"bookmark\">Continue a ler &raquo;<span class=\"screen-reader-text\">Nossas Marias<\/span><\/a><\/p>\n","protected":false},"author":3,"featured_media":637,"parent":0,"menu_order":0,"comment_status":"closed","ping_status":"closed","template":"","meta":{"neve_meta_sidebar":"","neve_meta_container":"","neve_meta_enable_content_width":"","neve_meta_content_width":0,"neve_meta_title_alignment":"","neve_meta_author_avatar":"","neve_post_elements_order":"","neve_meta_disable_header":"","neve_meta_disable_footer":"","neve_meta_disable_title":"","neve_meta_reading_time":"","_themeisle_gutenberg_block_has_review":false,"footnotes":""},"class_list":["post-96","page","type-page","status-publish","has-post-thumbnail","hentry"],"_links":{"self":[{"href":"https:\/\/projetocasademaria.com\/index.php\/wp-json\/wp\/v2\/pages\/96","targetHints":{"allow":["GET"]}}],"collection":[{"href":"https:\/\/projetocasademaria.com\/index.php\/wp-json\/wp\/v2\/pages"}],"about":[{"href":"https:\/\/projetocasademaria.com\/index.php\/wp-json\/wp\/v2\/types\/page"}],"author":[{"embeddable":true,"href":"https:\/\/projetocasademaria.com\/index.php\/wp-json\/wp\/v2\/users\/3"}],"replies":[{"embeddable":true,"href":"https:\/\/projetocasademaria.com\/index.php\/wp-json\/wp\/v2\/comments?post=96"}],"version-history":[{"count":16,"href":"https:\/\/projetocasademaria.com\/index.php\/wp-json\/wp\/v2\/pages\/96\/revisions"}],"predecessor-version":[{"id":684,"href":"https:\/\/projetocasademaria.com\/index.php\/wp-json\/wp\/v2\/pages\/96\/revisions\/684"}],"wp:featuredmedia":[{"embeddable":true,"href":"https:\/\/projetocasademaria.com\/index.php\/wp-json\/wp\/v2\/media\/637"}],"wp:attachment":[{"href":"https:\/\/projetocasademaria.com\/index.php\/wp-json\/wp\/v2\/media?parent=96"}],"curies":[{"name":"wp","href":"https:\/\/api.w.org\/{rel}","templated":true}]}}