{"id":626,"date":"2023-10-08T17:35:08","date_gmt":"2023-10-08T20:35:08","guid":{"rendered":"https:\/\/projetocasademaria.com\/?page_id=626"},"modified":"2023-10-13T16:20:17","modified_gmt":"2023-10-13T19:20:17","slug":"fale-conosco","status":"publish","type":"page","link":"https:\/\/projetocasademaria.com\/index.php\/fale-conosco\/","title":{"rendered":"Fale Conosco"},"content":{"rendered":"\n<div id=\"wp-block-themeisle-blocks-advanced-columns-d19ffa08\" class=\"wp-block-themeisle-blocks-advanced-columns has-3-columns has-desktop-equal-layout has-tablet-equal-layout has-mobile-collapsedRows-layout has-vertical-unset\"><div class=\"wp-block-themeisle-blocks-advanced-columns-overlay\"><\/div><div class=\"innerblocks-wrap\">\n<div id=\"wp-block-themeisle-blocks-advanced-column-9f729b3c\" class=\"wp-block-themeisle-blocks-advanced-column\">\n<div id=\"wp-block-themeisle-blocks-font-awesome-icons-30e9eec5\" class=\"wp-block-themeisle-blocks-font-awesome-icons\"><span class=\"wp-block-themeisle-blocks-font-awesome-icons-container\"><i class=\"fas fa-mobile\"><\/i><\/span><\/div>\n\n\n\n<h2 id=\"wp-block-themeisle-blocks-advanced-heading-c7e5e286\" class=\"wp-block-themeisle-blocks-advanced-heading wp-block-themeisle-blocks-advanced-heading-c7e5e286\">Fale conosco<\/h2>\n\n\n\n<p class=\"has-text-align-left\">WhatsApp: +55 81 994428231<br>E-mail: contato@projetocasademaria.com<\/p>\n<\/div>\n\n\n\n<div id=\"wp-block-themeisle-blocks-advanced-column-142b0bc0\" class=\"wp-block-themeisle-blocks-advanced-column\">\n<div id=\"wp-block-themeisle-blocks-font-awesome-icons-1715c0ed\" class=\"wp-block-themeisle-blocks-font-awesome-icons\"><span class=\"wp-block-themeisle-blocks-font-awesome-icons-container\"><i class=\"fas fa-map-marker-alt\"><\/i><\/span><\/div>\n\n\n\n<h2 id=\"wp-block-themeisle-blocks-advanced-heading-c0e2522f\" class=\"wp-block-themeisle-blocks-advanced-heading wp-block-themeisle-blocks-advanced-heading-c0e2522f\">Visite nosso projeto<\/h2>\n\n\n\n<p class=\"has-text-align-center\">Avenida Ayrton Senna &#8211; Pista Oeste &#8211; 748 &#8211; Piedade &#8211; Jaboat\u00e3o dos Guararapes &#8211; PE &#8211; Brasil<\/p>\n<\/div>\n\n\n\n<div id=\"wp-block-themeisle-blocks-advanced-column-21a46f12\" class=\"wp-block-themeisle-blocks-advanced-column\">\n<div id=\"wp-block-themeisle-blocks-font-awesome-icons-4857e40b\" class=\"wp-block-themeisle-blocks-font-awesome-icons\"><span class=\"wp-block-themeisle-blocks-font-awesome-icons-container\"><i class=\"fas fa-store\"><\/i><\/span><\/div>\n\n\n\n<h2 id=\"wp-block-themeisle-blocks-advanced-heading-e1002648\" class=\"wp-block-themeisle-blocks-advanced-heading wp-block-themeisle-blocks-advanced-heading-e1002648\">Parcerias<\/h2>\n\n\n\n<p class=\"has-text-align-center\">Gostaria de contratar nossa m\u00e3o de obra para produ\u00e7\u00e3o dos seus produtos? Ou deseja que elaboremos um produto para voc\u00ea? Ou gostaria de fazer uma parceria? Entre em contato conosco, estaremos felizes em multiplicar nosso trabalho.<\/p>\n\n\n\n<p>WhatsApp: +55 81 994428231<br>E-mail: contato@projetocasademaria.com<\/p>\n<\/div>\n<\/div><\/div>\n","protected":false},"excerpt":{"rendered":"","protected":false},"author":3,"featured_media":643,"parent":0,"menu_order":0,"comment_status":"closed","ping_status":"closed","template":"","meta":{"neve_meta_sidebar":"","neve_meta_container":"","neve_meta_enable_content_width":"","neve_meta_content_width":0,"neve_meta_title_alignment":"","neve_meta_author_avatar":"","neve_post_elements_order":"","neve_meta_disable_header":"","neve_meta_disable_footer":"","neve_meta_disable_title":"","neve_meta_reading_time":"","_themeisle_gutenberg_block_has_review":false,"footnotes":""},"class_list":["post-626","page","type-page","status-publish","has-post-thumbnail","hentry"],"_links":{"self":[{"href":"https:\/\/projetocasademaria.com\/index.php\/wp-json\/wp\/v2\/pages\/626","targetHints":{"allow":["GET"]}}],"collection":[{"href":"https:\/\/projetocasademaria.com\/index.php\/wp-json\/wp\/v2\/pages"}],"about":[{"href":"https:\/\/projetocasademaria.com\/index.php\/wp-json\/wp\/v2\/types\/page"}],"author":[{"embeddable":true,"href":"https:\/\/projetocasademaria.com\/index.php\/wp-json\/wp\/v2\/users\/3"}],"replies":[{"embeddable":true,"href":"https:\/\/projetocasademaria.com\/index.php\/wp-json\/wp\/v2\/comments?post=626"}],"version-history":[{"count":5,"href":"https:\/\/projetocasademaria.com\/index.php\/wp-json\/wp\/v2\/pages\/626\/revisions"}],"predecessor-version":[{"id":772,"href":"https:\/\/projetocasademaria.com\/index.php\/wp-json\/wp\/v2\/pages\/626\/revisions\/772"}],"wp:featuredmedia":[{"embeddable":true,"href":"https:\/\/projetocasademaria.com\/index.php\/wp-json\/wp\/v2\/media\/643"}],"wp:attachment":[{"href":"https:\/\/projetocasademaria.com\/index.php\/wp-json\/wp\/v2\/media?parent=626"}],"curies":[{"name":"wp","href":"https:\/\/api.w.org\/{rel}","templated":true}]}}