{"id":624,"date":"2023-10-08T17:33:39","date_gmt":"2023-10-08T20:33:39","guid":{"rendered":"https:\/\/projetocasademaria.com\/?page_id=624"},"modified":"2023-10-09T11:55:33","modified_gmt":"2023-10-09T14:55:33","slug":"politica-de-privacidade","status":"publish","type":"page","link":"https:\/\/projetocasademaria.com\/index.php\/politica-de-privacidade\/","title":{"rendered":"Pol\u00edtica de privacidade"},"content":{"rendered":"\n<h2 class=\"wp-block-heading\">Cookies e Privacidade<\/h2>\n\n\n\n<p>Quando voc\u00ea acessa sua conta no site, criamos v\u00e1rios cookies para salvar os dados dela. Cookies de login s\u00e3o mantidos por dois dias. Se voc\u00ea selecionar &#8220;Lembrar-me&#8221;, seu acesso ser\u00e1 mantido por duas semanas. Se voc\u00ea se desconectar da sua conta, os cookies de login ser\u00e3o removidos.<\/p>\n\n\n\n<p>Seus dados pessoais n\u00e3o s\u00e3o divulgados para qualquer institui\u00e7\u00e3o, a n\u00e3o ser no cumprimento de ordens emitidas por autoridades p\u00fablicas. Apenas os seus dados cadastrais como, nome, telefone, e-mail, cep e data de nascimento, v\u00e3o ficar armazenados em nosso sistema. No entanto quem \u00e9 respons\u00e1vel por manter esses dados corretos e atualizados \u00e9 voc\u00ea.<\/p>\n\n\n\n<p>Caso voc\u00ea esque\u00e7a a sua senha basta clicar em esqueci a senha que poder\u00e1 redefini-la.<\/p>\n\n\n\n<h2 class=\"wp-block-heading\">Seguran\u00e7a na compra<\/h2>\n\n\n\n<p>Para os pagamentos com <strong>cart\u00e3o de cr\u00e9dito<\/strong> e para emiss\u00e3o de <strong>boletos<\/strong> banc\u00e1rios optamos por utilizar o servi\u00e7o j\u00e1 conhecido e bem conceituado do <strong>Mercado Pago<\/strong>. Assim suas informa\u00e7\u00f5es de pagamento n\u00e3o s\u00e3o inseridas em nosso ambiente e nem ficam armazenadas conosco. Com isso temos um ambiente de com\u00e9rcio eletr\u00f4nico seguro garantido. Os pagamentos por <strong>pix<\/strong> envolvem o fornecimento da nossa chave que deve ser utilizada num aplicativo de escolha do consumidor para efetuar a transa\u00e7\u00e3o, sendo o recebimento do pagamento confirmado em alguns minutos no nosso site.<\/p>\n","protected":false},"excerpt":{"rendered":"<p>Cookies e Privacidade Quando voc\u00ea acessa sua conta no site, criamos v\u00e1rios cookies para salvar os dados dela. Cookies de login s\u00e3o mantidos por dois dias. Se voc\u00ea selecionar &#8220;Lembrar-me&#8221;, seu acesso ser\u00e1 mantido por duas semanas. Se voc\u00ea se desconectar da sua conta, os cookies de login ser\u00e3o removidos. Seus dados pessoais n\u00e3o s\u00e3o&hellip;&nbsp;<a href=\"https:\/\/projetocasademaria.com\/index.php\/politica-de-privacidade\/\" class=\"\" rel=\"bookmark\">Continue a ler &raquo;<span class=\"screen-reader-text\">Pol\u00edtica de privacidade<\/span><\/a><\/p>\n","protected":false},"author":3,"featured_media":643,"parent":0,"menu_order":0,"comment_status":"closed","ping_status":"closed","template":"","meta":{"neve_meta_sidebar":"","neve_meta_container":"","neve_meta_enable_content_width":"","neve_meta_content_width":0,"neve_meta_title_alignment":"","neve_meta_author_avatar":"","neve_post_elements_order":"","neve_meta_disable_header":"","neve_meta_disable_footer":"","neve_meta_disable_title":"","neve_meta_reading_time":"","_themeisle_gutenberg_block_has_review":false,"footnotes":""},"class_list":["post-624","page","type-page","status-publish","has-post-thumbnail","hentry"],"_links":{"self":[{"href":"https:\/\/projetocasademaria.com\/index.php\/wp-json\/wp\/v2\/pages\/624","targetHints":{"allow":["GET"]}}],"collection":[{"href":"https:\/\/projetocasademaria.com\/index.php\/wp-json\/wp\/v2\/pages"}],"about":[{"href":"https:\/\/projetocasademaria.com\/index.php\/wp-json\/wp\/v2\/types\/page"}],"author":[{"embeddable":true,"href":"https:\/\/projetocasademaria.com\/index.php\/wp-json\/wp\/v2\/users\/3"}],"replies":[{"embeddable":true,"href":"https:\/\/projetocasademaria.com\/index.php\/wp-json\/wp\/v2\/comments?post=624"}],"version-history":[{"count":1,"href":"https:\/\/projetocasademaria.com\/index.php\/wp-json\/wp\/v2\/pages\/624\/revisions"}],"predecessor-version":[{"id":625,"href":"https:\/\/projetocasademaria.com\/index.php\/wp-json\/wp\/v2\/pages\/624\/revisions\/625"}],"wp:featuredmedia":[{"embeddable":true,"href":"https:\/\/projetocasademaria.com\/index.php\/wp-json\/wp\/v2\/media\/643"}],"wp:attachment":[{"href":"https:\/\/projetocasademaria.com\/index.php\/wp-json\/wp\/v2\/media?parent=624"}],"curies":[{"name":"wp","href":"https:\/\/api.w.org\/{rel}","templated":true}]}}