{"id":159,"date":"2023-08-27T15:48:18","date_gmt":"2023-08-27T18:48:18","guid":{"rendered":"https:\/\/projetocasademaria.com\/?page_id=159"},"modified":"2023-10-20T09:58:18","modified_gmt":"2023-10-20T12:58:18","slug":"prazos-e-entregas","status":"publish","type":"page","link":"https:\/\/projetocasademaria.com\/index.php\/prazos-e-entregas\/","title":{"rendered":"Prazos e Entregas"},"content":{"rendered":"\n<h2 id=\"wp-block-themeisle-blocks-advanced-heading-1aa5205b\" class=\"wp-block-themeisle-blocks-advanced-heading wp-block-themeisle-blocks-advanced-heading-1aa5205b\">ENTREGAS<\/h2>\n\n\n\n<p>Entregamos para <strong>todo o Brasil<\/strong>.<\/p>\n\n\n\n<p>O frete via <strong>PAC<\/strong> para o estado de <strong>Pernambuco<\/strong> \u00e9 gr\u00e1tis.<\/p>\n\n\n\n<h2 id=\"wp-block-themeisle-blocks-advanced-heading-5d9c5443\" class=\"wp-block-themeisle-blocks-advanced-heading wp-block-themeisle-blocks-advanced-heading-5d9c5443\">PRAZOS PARA ENVIO<\/h2>\n\n\n\n<p>Ap\u00f3s a confirma\u00e7\u00e3o do <strong>pagamento<\/strong>, temos um prazo de <strong>5 dias \u00fateis<\/strong> <strong>para a postagem<\/strong> de um produto dispon\u00edvel <strong>em estoque<\/strong>.<\/p>\n\n\n\n<p>Caso seja um produto por <strong>encomenda<\/strong> com modelo dispon\u00edvel no site, o<strong> prazo para postagem <\/strong>\u00e9 de <strong>15 dias \u00fateis<\/strong> ap\u00f3s a <strong>confirma\u00e7\u00e3o do pagamento<\/strong>.<\/p>\n\n\n\n<h2 id=\"wp-block-themeisle-blocks-advanced-heading-a630c063\" class=\"wp-block-themeisle-blocks-advanced-heading wp-block-themeisle-blocks-advanced-heading-a630c063\">ACOMPANHAMENTO DO PEDIDO<\/h2>\n\n\n\n<p>Uma vez que tenhamos enviado o seu pedido, mandaremos um <strong>e-mail<\/strong> para o cadastrado na sua conta com o <strong>c\u00f3digo de rastreamento<\/strong>. Voc\u00ea poder\u00e1 acompanhar o envio diretamente na sua conta ou utilizando o site dos correios: <a rel=\"noreferrer noopener\" href=\"https:\/\/rastreamento.correios.com.br\/app\/index.php\" target=\"_blank\">https:\/\/rastreamento.correios.com.br\/app\/index.php<\/a><\/p>\n","protected":false},"excerpt":{"rendered":"<p>Entregamos para todo o Brasil. O frete via PAC para o estado de Pernambuco \u00e9 gr\u00e1tis. Ap\u00f3s a confirma\u00e7\u00e3o do pagamento, temos um prazo de 5 dias \u00fateis para a postagem de um produto dispon\u00edvel em estoque. Caso seja um produto por encomenda com modelo dispon\u00edvel no site, o prazo para postagem \u00e9 de 15&hellip;&nbsp;<a href=\"https:\/\/projetocasademaria.com\/index.php\/prazos-e-entregas\/\" class=\"\" rel=\"bookmark\">Continue a ler &raquo;<span class=\"screen-reader-text\">Prazos e Entregas<\/span><\/a><\/p>\n","protected":false},"author":3,"featured_media":643,"parent":0,"menu_order":0,"comment_status":"closed","ping_status":"closed","template":"","meta":{"neve_meta_sidebar":"","neve_meta_container":"","neve_meta_enable_content_width":"","neve_meta_content_width":0,"neve_meta_title_alignment":"","neve_meta_author_avatar":"","neve_post_elements_order":"","neve_meta_disable_header":"","neve_meta_disable_footer":"","neve_meta_disable_title":"","neve_meta_reading_time":"","_themeisle_gutenberg_block_has_review":false,"footnotes":""},"class_list":["post-159","page","type-page","status-publish","has-post-thumbnail","hentry"],"_links":{"self":[{"href":"https:\/\/projetocasademaria.com\/index.php\/wp-json\/wp\/v2\/pages\/159","targetHints":{"allow":["GET"]}}],"collection":[{"href":"https:\/\/projetocasademaria.com\/index.php\/wp-json\/wp\/v2\/pages"}],"about":[{"href":"https:\/\/projetocasademaria.com\/index.php\/wp-json\/wp\/v2\/types\/page"}],"author":[{"embeddable":true,"href":"https:\/\/projetocasademaria.com\/index.php\/wp-json\/wp\/v2\/users\/3"}],"replies":[{"embeddable":true,"href":"https:\/\/projetocasademaria.com\/index.php\/wp-json\/wp\/v2\/comments?post=159"}],"version-history":[{"count":9,"href":"https:\/\/projetocasademaria.com\/index.php\/wp-json\/wp\/v2\/pages\/159\/revisions"}],"predecessor-version":[{"id":828,"href":"https:\/\/projetocasademaria.com\/index.php\/wp-json\/wp\/v2\/pages\/159\/revisions\/828"}],"wp:featuredmedia":[{"embeddable":true,"href":"https:\/\/projetocasademaria.com\/index.php\/wp-json\/wp\/v2\/media\/643"}],"wp:attachment":[{"href":"https:\/\/projetocasademaria.com\/index.php\/wp-json\/wp\/v2\/media?parent=159"}],"curies":[{"name":"wp","href":"https:\/\/api.w.org\/{rel}","templated":true}]}}