{"id":158,"date":"2023-08-27T15:48:18","date_gmt":"2023-08-27T18:48:18","guid":{"rendered":"https:\/\/projetocasademaria.com\/?page_id=158"},"modified":"2023-10-13T16:21:57","modified_gmt":"2023-10-13T19:21:57","slug":"trocas-e-devolucoes","status":"publish","type":"page","link":"https:\/\/projetocasademaria.com\/index.php\/trocas-e-devolucoes\/","title":{"rendered":"Trocas e Devolu\u00e7\u00f5es"},"content":{"rendered":"\n<h2 id=\"wp-block-themeisle-blocks-advanced-heading-e3d2373f\" class=\"wp-block-themeisle-blocks-advanced-heading wp-block-themeisle-blocks-advanced-heading-e3d2373f\">Como fa\u00e7o para trocar meu pedido?<\/h2>\n\n\n\n<p>Em caso de troca por outro produto o cliente tem at\u00e9 <strong>30 dias corridos<\/strong> do <strong>ato de recebimento<\/strong> do produto para entrar em contato conosco e enviar o produto gratuitamente para o nosso endere\u00e7o.<\/p>\n\n\n\n<h2 id=\"wp-block-themeisle-blocks-advanced-heading-0ce7ad17\" class=\"wp-block-themeisle-blocks-advanced-heading wp-block-themeisle-blocks-advanced-heading-0ce7ad17\">Arrependi-me, posso desistir da compra?<\/h2>\n\n\n\n<p><strong>Sim<\/strong>, o C\u00f3digo do Consumidor garante o direito de arrependimento no caso de compras online. Nessa situa\u00e7\u00e3o o cliente tem <strong>7 dias corridos<\/strong> a contar do <strong>ato de recebimento do produto<\/strong> para nos informar sua desist\u00eancia e enviar o produto para o nosso endere\u00e7o. O estorno do valor s\u00f3 \u00e9 feito quando recebermos o produto.<\/p>\n","protected":false},"excerpt":{"rendered":"<p>Em caso de troca por outro produto o cliente tem at\u00e9 30 dias corridos do ato de recebimento do produto para entrar em contato conosco e enviar o produto gratuitamente para o nosso endere\u00e7o. Sim, o C\u00f3digo do Consumidor garante o direito de arrependimento no caso de compras online. Nessa situa\u00e7\u00e3o o cliente tem 7&hellip;&nbsp;<a href=\"https:\/\/projetocasademaria.com\/index.php\/trocas-e-devolucoes\/\" class=\"\" rel=\"bookmark\">Continue a ler &raquo;<span class=\"screen-reader-text\">Trocas e Devolu\u00e7\u00f5es<\/span><\/a><\/p>\n","protected":false},"author":3,"featured_media":643,"parent":0,"menu_order":0,"comment_status":"closed","ping_status":"closed","template":"","meta":{"neve_meta_sidebar":"","neve_meta_container":"","neve_meta_enable_content_width":"","neve_meta_content_width":0,"neve_meta_title_alignment":"","neve_meta_author_avatar":"","neve_post_elements_order":"","neve_meta_disable_header":"","neve_meta_disable_footer":"","neve_meta_disable_title":"off","neve_meta_reading_time":"","_themeisle_gutenberg_block_has_review":false,"footnotes":""},"class_list":["post-158","page","type-page","status-publish","has-post-thumbnail","hentry"],"_links":{"self":[{"href":"https:\/\/projetocasademaria.com\/index.php\/wp-json\/wp\/v2\/pages\/158","targetHints":{"allow":["GET"]}}],"collection":[{"href":"https:\/\/projetocasademaria.com\/index.php\/wp-json\/wp\/v2\/pages"}],"about":[{"href":"https:\/\/projetocasademaria.com\/index.php\/wp-json\/wp\/v2\/types\/page"}],"author":[{"embeddable":true,"href":"https:\/\/projetocasademaria.com\/index.php\/wp-json\/wp\/v2\/users\/3"}],"replies":[{"embeddable":true,"href":"https:\/\/projetocasademaria.com\/index.php\/wp-json\/wp\/v2\/comments?post=158"}],"version-history":[{"count":3,"href":"https:\/\/projetocasademaria.com\/index.php\/wp-json\/wp\/v2\/pages\/158\/revisions"}],"predecessor-version":[{"id":774,"href":"https:\/\/projetocasademaria.com\/index.php\/wp-json\/wp\/v2\/pages\/158\/revisions\/774"}],"wp:featuredmedia":[{"embeddable":true,"href":"https:\/\/projetocasademaria.com\/index.php\/wp-json\/wp\/v2\/media\/643"}],"wp:attachment":[{"href":"https:\/\/projetocasademaria.com\/index.php\/wp-json\/wp\/v2\/media?parent=158"}],"curies":[{"name":"wp","href":"https:\/\/api.w.org\/{rel}","templated":true}]}}