{"id":157,"date":"2023-08-27T15:48:18","date_gmt":"2023-08-27T18:48:18","guid":{"rendered":"https:\/\/projetocasademaria.com\/?page_id=157"},"modified":"2023-10-13T16:21:00","modified_gmt":"2023-10-13T19:21:00","slug":"faq","status":"publish","type":"page","link":"https:\/\/projetocasademaria.com\/index.php\/faq\/","title":{"rendered":"Perguntas frequentes"},"content":{"rendered":"\n<div id=\"wp-block-themeisle-blocks-accordion-2f5f9127\" data-has-schema=\"false\" class=\"wp-block-themeisle-blocks-accordion exclusive has-dark-title-bg\">\n<details class=\"wp-block-themeisle-blocks-accordion-item\"><summary class=\"wp-block-themeisle-blocks-accordion-item__title\"><div>VOC\u00caS T\u00caM LOJA F\u00cdSICA?<\/div><\/summary><div class=\"wp-block-themeisle-blocks-accordion-item__content\">\n<p><strong>Sim<\/strong>, nosso loja f\u00edsica est\u00e1 localizada no <strong>Aria Social<\/strong> na Avenida Ayrton Sena &#8211; Pista Oeste &#8211; n 784 &#8211; Piedade &#8211;  <strong>Jaboat\u00e3o dos Guarar\u00e1pes &#8211; PE<\/strong>.<\/p>\n<\/div><\/details>\n\n\n\n<details class=\"wp-block-themeisle-blocks-accordion-item\"><summary class=\"wp-block-themeisle-blocks-accordion-item__title\"><div>POSSO ENCOMENDAR?<\/div><\/summary><div class=\"wp-block-themeisle-blocks-accordion-item__content\">\n<p><strong>Sim!<\/strong> Caso deseje algum produto que n\u00e3o esteja listado no site ou esteja fora de estoque ou seja um item personalizado, entre em contato com o n\u00famero +55 81 994428231 ou o e-mail contato@projetocasademaria.com para avaliarmos a possibilidade da sua encomenda. Os prazos variam de acordo com o pedido.<\/p>\n<\/div><\/details>\n\n\n\n<details class=\"wp-block-themeisle-blocks-accordion-item\"><summary class=\"wp-block-themeisle-blocks-accordion-item__title\"><div>COMO LIMPO MINHA PE\u00c7A DE CROCH\u00ca?<\/div><\/summary><div class=\"wp-block-themeisle-blocks-accordion-item__content\">\n<p>Lave <strong>\u00e0 m\u00e3o<\/strong> com sab\u00e3o <strong>neutro <\/strong>e um <strong>pano \u00famido<\/strong>. N\u00e3o use a m\u00e1quina de lavar. Deixe <strong>secar na horizontal<\/strong> (n\u00e3o pendure) e \u00e0 <strong>sombra<\/strong>.<\/p>\n<\/div><\/details>\n\n\n\n<details class=\"wp-block-themeisle-blocks-accordion-item\"><summary class=\"wp-block-themeisle-blocks-accordion-item__title\"><div>POSSO MOLHAR MINHA PE\u00c7A DE TECELAGEM OU DE PALHA?<\/div><\/summary><div class=\"wp-block-themeisle-blocks-accordion-item__content\">\n<p>Nossas pe\u00e7as de <strong>tecelagem com jornal<\/strong> recebem um <strong>verniz impermeabilizante<\/strong> que aumenta a <strong>resist\u00eancia <\/strong>do produto \u00e0 \u00e1gua. No entanto o <strong>recomendado <\/strong>\u00e9 que <strong>evite molhar e jamais submerja a pe\u00e7a<\/strong>.<\/p>\n\n\n\n<p>As bolsas que possuem <strong>palha <\/strong>na composi\u00e7\u00e3o <strong>n\u00e3o <\/strong>devem ser molhadas.<\/p>\n<\/div><\/details>\n\n\n\n<details class=\"wp-block-themeisle-blocks-accordion-item\"><summary class=\"wp-block-themeisle-blocks-accordion-item__title\"><div>QUAIS OS PRAZOS DE ENVIO E ENTREGA?<\/div><\/summary><div class=\"wp-block-themeisle-blocks-accordion-item__content\">\n<p>Entregamos para <strong>todo o Brasil<\/strong>.<\/p>\n\n\n\n<p>O frete via <strong>PAC<\/strong> para o estado de <strong>Pernambuco<\/strong> \u00e9 gr\u00e1tis.<\/p>\n\n\n\n<p>Ap\u00f3s a confirma\u00e7\u00e3o do <strong>pagamento<\/strong>, temos um prazo de <strong>5 dias \u00fateis<\/strong> para a postagem de um produto dispon\u00edvel <strong>em estoque<\/strong>.<\/p>\n\n\n\n<p>Caso seja um produto por <strong>encomenda<\/strong> com modelo dispon\u00edvel no site, o prazo para \u00e9 de <strong>15 dias \u00fateis<\/strong> para a postagem ap\u00f3s a confirma\u00e7\u00e3o do <strong>pagamento<\/strong>.<\/p>\n\n\n\n<p>Os prazos de entrega dependem do servi\u00e7o de entrega selecionado, PAC ou SEDEX, e da localidade de destino.<\/p>\n<\/div><\/details>\n\n\n\n<details class=\"wp-block-themeisle-blocks-accordion-item\"><summary class=\"wp-block-themeisle-blocks-accordion-item__title\"><div>ONDE ACOMPANHO MEU PEDIDO?<\/div><\/summary><div class=\"wp-block-themeisle-blocks-accordion-item__content\">\n<p>O <strong>status <\/strong>do seu pedido pode ser acompanhado na sua <strong>conta <\/strong>e tamb\u00e9m pelo seu <strong>e-mail<\/strong>. Assim que o pedido for enviado, mandaremos um e-mail com o c\u00f3digo de rastreamento para voc\u00ea.<\/p>\n<\/div><\/details>\n\n\n\n<details class=\"wp-block-themeisle-blocks-accordion-item\"><summary class=\"wp-block-themeisle-blocks-accordion-item__title\"><div>POSSO TROCAR UM PEDIDO?<\/div><\/summary><div class=\"wp-block-themeisle-blocks-accordion-item__content\">\n<p><strong>Sim<\/strong>. Em caso de troca por outro produto o cliente tem at\u00e9 <strong>30 dias corridos<\/strong> do <strong>recebimento<\/strong> do produto para entrar em contato conosco e enviar o produto gratuitamente para o nosso endere\u00e7o.<\/p>\n<\/div><\/details>\n\n\n\n<details class=\"wp-block-themeisle-blocks-accordion-item\"><summary class=\"wp-block-themeisle-blocks-accordion-item__title\"><div>POSSO DESISTIR DA COMPRA?<\/div><\/summary><div class=\"wp-block-themeisle-blocks-accordion-item__content\">\n<p><strong>Sim<\/strong>. O C\u00f3digo do Consumidor garante o direito de <strong>arrependimento <\/strong>no caso de compras online. Nessa situa\u00e7\u00e3o o cliente tem <strong>7 dias corridos<\/strong> a contar do <strong>ato de recebimento do produto<\/strong> para nos informar sua desist\u00eancia e enviar o produto para o nosso endere\u00e7o. O estorno do valor s\u00f3 \u00e9 feito quando recebermos o produto.<\/p>\n<\/div><\/details>\n\n\n\n<details class=\"wp-block-themeisle-blocks-accordion-item\"><summary class=\"wp-block-themeisle-blocks-accordion-item__title\"><div>QUAIS AS FORMAS ACEITAS DE PAGAMENTO?<\/div><\/summary><div class=\"wp-block-themeisle-blocks-accordion-item__content\">\n<p><strong>PIX<\/strong><br>Aceitamos pagamentos diretamente por pix.<\/p>\n\n\n\n<p><strong>BOLETO BANC\u00c1RIO<\/strong><br>Para sua maior seguran\u00e7a, utilizamos o servi\u00e7o do Mercado Pago para pagamentos com boleto banc\u00e1rio.<\/p>\n\n\n\n<p><strong>CART\u00c3O DE CR\u00c9DITO<\/strong><br>Para sua maior seguran\u00e7a, utilizamos o servi\u00e7o do Mercado Pago para efetuarmos transa\u00e7\u00f5es com cart\u00e3o de cr\u00e9dito.<\/p>\n<\/div><\/details>\n<\/div>\n","protected":false},"excerpt":{"rendered":"","protected":false},"author":3,"featured_media":643,"parent":0,"menu_order":0,"comment_status":"closed","ping_status":"closed","template":"","meta":{"neve_meta_sidebar":"","neve_meta_container":"","neve_meta_enable_content_width":"","neve_meta_content_width":0,"neve_meta_title_alignment":"","neve_meta_author_avatar":"","neve_post_elements_order":"","neve_meta_disable_header":"","neve_meta_disable_footer":"","neve_meta_disable_title":"","neve_meta_reading_time":"","_themeisle_gutenberg_block_has_review":false,"footnotes":""},"class_list":["post-157","page","type-page","status-publish","has-post-thumbnail","hentry"],"_links":{"self":[{"href":"https:\/\/projetocasademaria.com\/index.php\/wp-json\/wp\/v2\/pages\/157","targetHints":{"allow":["GET"]}}],"collection":[{"href":"https:\/\/projetocasademaria.com\/index.php\/wp-json\/wp\/v2\/pages"}],"about":[{"href":"https:\/\/projetocasademaria.com\/index.php\/wp-json\/wp\/v2\/types\/page"}],"author":[{"embeddable":true,"href":"https:\/\/projetocasademaria.com\/index.php\/wp-json\/wp\/v2\/users\/3"}],"replies":[{"embeddable":true,"href":"https:\/\/projetocasademaria.com\/index.php\/wp-json\/wp\/v2\/comments?post=157"}],"version-history":[{"count":9,"href":"https:\/\/projetocasademaria.com\/index.php\/wp-json\/wp\/v2\/pages\/157\/revisions"}],"predecessor-version":[{"id":773,"href":"https:\/\/projetocasademaria.com\/index.php\/wp-json\/wp\/v2\/pages\/157\/revisions\/773"}],"wp:featuredmedia":[{"embeddable":true,"href":"https:\/\/projetocasademaria.com\/index.php\/wp-json\/wp\/v2\/media\/643"}],"wp:attachment":[{"href":"https:\/\/projetocasademaria.com\/index.php\/wp-json\/wp\/v2\/media?parent=157"}],"curies":[{"name":"wp","href":"https:\/\/api.w.org\/{rel}","templated":true}]}}